{"id":71,"date":"2014-09-08T21:16:32","date_gmt":"2014-09-08T21:16:32","guid":{"rendered":"http:\/\/www.bizarroproducciones.cl\/eventos\/?page_id=71"},"modified":"2025-02-21T02:36:39","modified_gmt":"2025-02-21T02:36:39","slug":"servicios","status":"publish","type":"page","link":"https:\/\/www.bizarroproducciones.cl\/eventos\/","title":{"rendered":"SERVICIOS"},"content":{"rendered":"<ul>\n<li>Carpas y Toldos Impermeables; Carpas todas las medidas, Toldos 3X3, 3X6, 6X6, 3X9, etc.<\/li>\n<li>Sonido profesional Line Array, Refuerzo Sonoro.<\/li>\n<li>Iluminaci\u00f3n l\u00e1ser, Led, Robotizada, etc.<\/li>\n<li>Animaci\u00f3n y baile entretenido.<\/li>\n<li>Dobles: Elvis, Camilo Sesto, Boy George, Sandro, Ricardo Arjona, Madonna, Enanitos verde, Los Prisionero etc.<\/li>\n<li>Staff de Dj con amplia experiencia en distintos estilos musicales.<\/li>\n<li>Escenarios todas las medidas, estructuras truss\u00a0 de aluminio, pasarelas,\u00a0etc.<\/li>\n<li>Fotograf\u00eda profesional, video\u00a0profesional, estudio y cabina fotogr\u00e1fica m\u00f3vil.<\/li>\n<li>Manteler\u00eda, cubiertos, mesas y sillas, sillones y puff led, arreglos florales y decoraci\u00f3n.<\/li>\n<li>Barwoman, barman, garzones, chef, cocineros, personal de aseo, guardias de seguridad y salones para eventos.<\/li>\n<li>Sonido para bandas y t\u00e9cnicos sonidistas.<\/li>\n<li>Colegios, empresas, seminarios, discotecas, pub y particulares.<\/li>\n<li>Despachos\u00a0y montajes.<\/li>\n<\/ul>\n<p style=\"text-align: justify;\">Video de nuestros servicios: <a title=\"Videos Promocional \" href=\"https:\/\/www.youtube.com\/watch?v=O-6f2i9U4pY\">Video Promocional 2022<\/a><\/p>\n<p style=\"text-align: justify;\"><strong><span style=\"color: #3366ff;\">Contacto: +569 89015235<\/span><\/strong><\/p>\n<p style=\"text-align: justify;\"><a href=\"mailto:bizarroproducciones@gmail.com\"><strong><span style=\"color: #3366ff;\">bizarroproducciones@gmail.com<\/span><\/strong><\/a><\/p>\n","protected":false},"excerpt":{"rendered":"<p>Carpas y Toldos Impermeables; Carpas todas las medidas, Toldos 3X3, 3X6, 6X6, 3X9, etc. Sonido profesional Line Array, Refuerzo Sonoro. Iluminaci\u00f3n l\u00e1ser, Led, Robotizada, etc. Animaci\u00f3n y baile entretenido. Dobles: Elvis, Camilo Sesto, Boy George, Sandro, Ricardo Arjona, Madonna, Enanitos verde, Los Prisionero etc. Staff de Dj con amplia experiencia&hellip;<\/p>\n<p><a class=\"more-link\" href=\"https:\/\/www.bizarroproducciones.cl\/eventos\/\" title=\"Continue reading &lsquo;SERVICIOS&rsquo;\">Continue reading <span class=\"meta-nav\">&rarr;<\/span><\/a><\/p>\n","protected":false},"author":1,"featured_media":0,"parent":0,"menu_order":2,"comment_status":"open","ping_status":"open","template":"page-templates\/full-width.php","meta":{"footnotes":""},"class_list":["post-71","page","type-page","status-publish","hentry"],"_links":{"self":[{"href":"https:\/\/www.bizarroproducciones.cl\/eventos\/index.php?rest_route=\/wp\/v2\/pages\/71","targetHints":{"allow":["GET"]}}],"collection":[{"href":"https:\/\/www.bizarroproducciones.cl\/eventos\/index.php?rest_route=\/wp\/v2\/pages"}],"about":[{"href":"https:\/\/www.bizarroproducciones.cl\/eventos\/index.php?rest_route=\/wp\/v2\/types\/page"}],"author":[{"embeddable":true,"href":"https:\/\/www.bizarroproducciones.cl\/eventos\/index.php?rest_route=\/wp\/v2\/users\/1"}],"replies":[{"embeddable":true,"href":"https:\/\/www.bizarroproducciones.cl\/eventos\/index.php?rest_route=%2Fwp%2Fv2%2Fcomments&post=71"}],"version-history":[{"count":23,"href":"https:\/\/www.bizarroproducciones.cl\/eventos\/index.php?rest_route=\/wp\/v2\/pages\/71\/revisions"}],"predecessor-version":[{"id":1678,"href":"https:\/\/www.bizarroproducciones.cl\/eventos\/index.php?rest_route=\/wp\/v2\/pages\/71\/revisions\/1678"}],"wp:attachment":[{"href":"https:\/\/www.bizarroproducciones.cl\/eventos\/index.php?rest_route=%2Fwp%2Fv2%2Fmedia&parent=71"}],"curies":[{"name":"wp","href":"https:\/\/api.w.org\/{rel}","templated":true}]}}