{"id":475,"date":"2015-07-23T02:28:47","date_gmt":"2015-07-23T02:28:47","guid":{"rendered":"http:\/\/www.bizarroproducciones.cl\/eventos\/?page_id=475"},"modified":"2025-02-21T02:57:18","modified_gmt":"2025-02-21T02:57:18","slug":"quienes-somos","status":"publish","type":"page","link":"https:\/\/www.bizarroproducciones.cl\/eventos\/?page_id=475","title":{"rendered":"QUIENES SOMOS"},"content":{"rendered":"<p style=\"text-align: center;\"><a href=\"https:\/\/www.bizarroproducciones.cl\/eventos\/wp-content\/uploads\/2025\/02\/0-1.png\"><img loading=\"lazy\" decoding=\"async\" class=\"aligncenter wp-image-1686 \" src=\"https:\/\/www.bizarroproducciones.cl\/eventos\/wp-content\/uploads\/2025\/02\/0-1-632x632.png\" alt=\"\" width=\"229\" height=\"229\" srcset=\"https:\/\/www.bizarroproducciones.cl\/eventos\/wp-content\/uploads\/2025\/02\/0-1-632x632.png 632w, https:\/\/www.bizarroproducciones.cl\/eventos\/wp-content\/uploads\/2025\/02\/0-1-1020x1020.png 1020w, https:\/\/www.bizarroproducciones.cl\/eventos\/wp-content\/uploads\/2025\/02\/0-1-768x768.png 768w, https:\/\/www.bizarroproducciones.cl\/eventos\/wp-content\/uploads\/2025\/02\/0-1.png 1508w\" sizes=\"auto, (max-width: 229px) 100vw, 229px\" \/><\/a><\/p>\n<p data-start=\"319\" data-end=\"336\"><strong data-start=\"319\" data-end=\"336\">Qui\u00e9nes Somos<\/strong><\/p>\n<p data-start=\"338\" data-end=\"639\">En <strong data-start=\"341\" data-end=\"365\">Bizarro Producciones<\/strong>, nos especializamos en la gesti\u00f3n y provisi\u00f3n de servicios integrales para eventos, ofreciendo una excelente relaci\u00f3n calidad-precio. Con m\u00e1s de 20 a\u00f1os de trayectoria en la industria, nos hemos consolidado como un aliado confiable en la organizaci\u00f3n de eventos memorables.<\/p>\n<p data-start=\"641\" data-end=\"957\">Entendemos que cada detalle cuenta al producir un evento. Nuestro equipo est\u00e1 capacitado y certificado en producci\u00f3n de eventos, lo que nos permite interpretar y materializar eficazmente las ideas de nuestros clientes. Nos enorgullece que la satisfacci\u00f3n de nuestros clientes sea nuestra mejor carta de presentaci\u00f3n.<\/p>\n<p data-start=\"959\" data-end=\"1242\">Seg\u00fan nuestros estudios, solo el 10% de los eventos particulares y sociales, como matrimonios, cumplea\u00f1os y despedidas, son verdaderamente entretenidos y bien organizados. Nos comprometemos a que tu evento forme parte de ese selecto 10%, garantizando una experiencia \u00fanica y exitosa.<\/p>\n<p data-start=\"1244\" data-end=\"1426\">Te invitamos a explorar nuestros servicios y a contactarnos para brindarte una atenci\u00f3n personalizada. Ser\u00e1 un placer aportar nuestra experiencia y dedicaci\u00f3n a tu proyecto o evento.<\/p>\n<p data-start=\"1428\" data-end=\"1441\"><strong data-start=\"1428\" data-end=\"1441\">Contacto:<\/strong><\/p>\n<ul data-start=\"1442\" data-end=\"1587\">\n<li data-start=\"1442\" data-end=\"1471\"><strong data-start=\"1444\" data-end=\"1457\">Tel\u00e9fono:<\/strong> +569 89015235<\/li>\n<li data-start=\"1472\" data-end=\"1514\"><strong data-start=\"1474\" data-end=\"1484\">Email:<\/strong> <a rel=\"noopener\" data-start=\"1485\" data-end=\"1514\">bizarroproducciones@gmail.com<\/a><\/li>\n<li data-start=\"1515\" data-end=\"1587\"><strong data-start=\"1517\" data-end=\"1531\">Ubicaci\u00f3n:<\/strong> Maip\u00fa, Santiago. Atendemos en todo Santiago y regiones.<\/li>\n<\/ul>\n","protected":false},"excerpt":{"rendered":"<p>Qui\u00e9nes Somos En Bizarro Producciones, nos especializamos en la gesti\u00f3n y provisi\u00f3n de servicios integrales para eventos, ofreciendo una excelente relaci\u00f3n calidad-precio. Con m\u00e1s de 20 a\u00f1os de trayectoria en la industria, nos hemos consolidado como un aliado confiable en la organizaci\u00f3n de eventos memorables. Entendemos que cada detalle cuenta&hellip;<\/p>\n<p><a class=\"more-link\" href=\"https:\/\/www.bizarroproducciones.cl\/eventos\/?page_id=475\" title=\"Continue reading &lsquo;QUIENES SOMOS&rsquo;\">Continue reading <span class=\"meta-nav\">&rarr;<\/span><\/a><\/p>\n","protected":false},"author":1,"featured_media":0,"parent":0,"menu_order":0,"comment_status":"closed","ping_status":"closed","template":"page-templates\/full-width.php","meta":{"footnotes":""},"class_list":["post-475","page","type-page","status-publish","hentry"],"_links":{"self":[{"href":"https:\/\/www.bizarroproducciones.cl\/eventos\/index.php?rest_route=\/wp\/v2\/pages\/475","targetHints":{"allow":["GET"]}}],"collection":[{"href":"https:\/\/www.bizarroproducciones.cl\/eventos\/index.php?rest_route=\/wp\/v2\/pages"}],"about":[{"href":"https:\/\/www.bizarroproducciones.cl\/eventos\/index.php?rest_route=\/wp\/v2\/types\/page"}],"author":[{"embeddable":true,"href":"https:\/\/www.bizarroproducciones.cl\/eventos\/index.php?rest_route=\/wp\/v2\/users\/1"}],"replies":[{"embeddable":true,"href":"https:\/\/www.bizarroproducciones.cl\/eventos\/index.php?rest_route=%2Fwp%2Fv2%2Fcomments&post=475"}],"version-history":[{"count":13,"href":"https:\/\/www.bizarroproducciones.cl\/eventos\/index.php?rest_route=\/wp\/v2\/pages\/475\/revisions"}],"predecessor-version":[{"id":1687,"href":"https:\/\/www.bizarroproducciones.cl\/eventos\/index.php?rest_route=\/wp\/v2\/pages\/475\/revisions\/1687"}],"wp:attachment":[{"href":"https:\/\/www.bizarroproducciones.cl\/eventos\/index.php?rest_route=%2Fwp%2Fv2%2Fmedia&parent=475"}],"curies":[{"name":"wp","href":"https:\/\/api.w.org\/{rel}","templated":true}]}}