{"id":347,"date":"2015-07-09T02:50:22","date_gmt":"2015-07-09T02:50:22","guid":{"rendered":"http:\/\/www.bizarroproducciones.cl\/eventos\/?page_id=347"},"modified":"2025-06-24T03:29:45","modified_gmt":"2025-06-24T03:29:45","slug":"galerias","status":"publish","type":"page","link":"https:\/\/www.bizarroproducciones.cl\/eventos\/?page_id=347","title":{"rendered":"GALERIA DE SERVICIOS"},"content":{"rendered":"\n<p>Transformamos tus eventos en experiencias inolvidables. Especialistas en producci\u00f3n de eventos corporativos, matrimonios y celebraciones \u00fanicas en Santiago y regiones.<\/p>\n\n\n<p data-start=\"565\" data-end=\"603\">\u00a0<\/p>\n<p data-start=\"565\" data-end=\"603\"><strong data-start=\"565\" data-end=\"603\">Producci\u00f3n de Eventos Corporativos<\/strong><\/p>\n<p>Organizamos eventos empresariales que reflejan la identidad y objetivos de tu marca, cuidando cada detalle para garantizar el \u00e9xito y la profesionalidad.<\/p>\n<p data-start=\"782\" data-end=\"808\"><strong data-start=\"782\" data-end=\"808\">Matrimonios de Ensue\u00f1o<\/strong><\/p>\n<p>Creamos bodas personalizadas que capturan la esencia de tu historia de amor, desde la decoraci\u00f3n hasta la m\u00fasica, asegurando momentos memorables.<\/p>\n<p data-start=\"979\" data-end=\"1006\"><strong data-start=\"979\" data-end=\"1006\">Fiestas y Celebraciones<\/strong><\/p>\n<p>Ya sea un cumplea\u00f1os, aniversario o cualquier ocasi\u00f3n especial, nuestro equipo se encarga de ambientar y animar tu fiesta para que sea \u00fanica e irrepetible.<\/p>\n<p data-start=\"1369\" data-end=\"1536\">Cont\u00e1ctanos hoy mismo y comienza a planificar tu pr\u00f3ximo evento con nosotros. Juntos haremos realidad la celebraci\u00f3n que siempre has so\u00f1ado.\u00bb<\/p>\n<p data-start=\"1538\" data-end=\"1566\"><strong data-start=\"1538\" data-end=\"1566\">Informaci\u00f3n de Contacto:<\/strong><\/p>\n<p><strong data-start=\"1569\" data-end=\"1582\">Tel\u00e9fono:<\/strong> +569 89015235<\/p>\n<p><strong data-start=\"1599\" data-end=\"1609\">Email:<\/strong> <a rel=\"noopener\" data-start=\"1610\" data-end=\"1639\">bizarroproducciones@gmail.com<\/a><\/p>\n<p><strong data-start=\"1642\" data-end=\"1656\">Ubicaci\u00f3n:<\/strong> Atendemos en todo Santiago y regiones.<\/p>\n\t\t\t<style>\r\n                #foogallery-gallery-788.fg-justified .fg-item {\r\n                    margin-right: 1px;\r\n                    margin-bottom: 1px;\r\n                }\r\n\r\n                #foogallery-gallery-788.fg-justified .fg-image {\r\n                    height: 150px;\r\n                }\r\n\t\t\t<\/style>\r\n\t\t\t<div class=\"foogallery foogallery-container foogallery-justified foogallery-lightbox-none fg-justified fg-light fg-border-thin fg-shadow-outline fg-loading-default fg-loaded-fade-in fg-caption-hover fg-hover-fade fg-hover-zoom fg-ready\" id=\"foogallery-gallery-788\" data-foogallery=\"{&quot;item&quot;:{&quot;showCaptionTitle&quot;:true,&quot;showCaptionDescription&quot;:true},&quot;lazy&quot;:true,&quot;template&quot;:{&quot;rowHeight&quot;:150,&quot;maxRowHeight&quot;:300,&quot;margins&quot;:1,&quot;align&quot;:&quot;center&quot;,&quot;lastRow&quot;:&quot;smart&quot;}}\" >\r\n\t<div class=\"fg-item fg-type-image fg-idle\"><figure class=\"fg-item-inner\"><a href=\"https:\/\/www.bizarroproducciones.cl\/eventos\/wp-content\/uploads\/2017\/06\/antonio-azul.jpg\" data-attachment-id=\"683\" data-type=\"image\" class=\"fg-thumb\"><span class=\"fg-image-wrap\"><img fetchpriority=\"high\" decoding=\"async\" height=\"300\" width=\"400\" class=\"skip-lazy fg-image\" data-src-fg=\"https:\/\/www.bizarroproducciones.cl\/eventos\/wp-content\/uploads\/cache\/2017\/06\/antonio-azul\/1519685464.jpg\" src=\"data:image\/svg+xml,%3Csvg%20xmlns%3D%22http%3A%2F%2Fwww.w3.org%2F2000%2Fsvg%22%20width%3D%22400%22%20height%3D%22300%22%20viewBox%3D%220%200%20400%20300%22%3E%3C%2Fsvg%3E\" loading=\"eager\"><\/span><span class=\"fg-image-overlay\"><\/span><\/a><figcaption class=\"fg-caption\"><div class=\"fg-caption-inner\"><\/div><\/figcaption><\/figure><div class=\"fg-loader\"><\/div><\/div><div class=\"fg-item fg-type-image fg-idle\"><figure class=\"fg-item-inner\"><a href=\"https:\/\/www.bizarroproducciones.cl\/eventos\/wp-content\/uploads\/2017\/06\/Carpa-ilumnada-2.jpg\" data-attachment-id=\"664\" data-type=\"image\" class=\"fg-thumb\"><span class=\"fg-image-wrap\"><img decoding=\"async\" height=\"300\" width=\"400\" class=\"skip-lazy fg-image\" data-src-fg=\"https:\/\/www.bizarroproducciones.cl\/eventos\/wp-content\/uploads\/cache\/2017\/06\/Carpa-ilumnada-2\/1913988140.jpg\" src=\"data:image\/svg+xml,%3Csvg%20xmlns%3D%22http%3A%2F%2Fwww.w3.org%2F2000%2Fsvg%22%20width%3D%22400%22%20height%3D%22300%22%20viewBox%3D%220%200%20400%20300%22%3E%3C%2Fsvg%3E\" loading=\"eager\"><\/span><span class=\"fg-image-overlay\"><\/span><\/a><figcaption class=\"fg-caption\"><div class=\"fg-caption-inner\"><\/div><\/figcaption><\/figure><div class=\"fg-loader\"><\/div><\/div><div class=\"fg-item fg-type-image fg-idle\"><figure class=\"fg-item-inner\"><a href=\"https:\/\/www.bizarroproducciones.cl\/eventos\/wp-content\/uploads\/2017\/06\/antonio-azul-2.jpg\" data-attachment-id=\"682\" data-type=\"image\" class=\"fg-thumb\"><span class=\"fg-image-wrap\"><img decoding=\"async\" height=\"300\" width=\"300\" class=\"skip-lazy fg-image\" data-src-fg=\"https:\/\/www.bizarroproducciones.cl\/eventos\/wp-content\/uploads\/cache\/2017\/06\/antonio-azul-2\/245423910.jpg\" src=\"data:image\/svg+xml,%3Csvg%20xmlns%3D%22http%3A%2F%2Fwww.w3.org%2F2000%2Fsvg%22%20width%3D%22300%22%20height%3D%22300%22%20viewBox%3D%220%200%20300%20300%22%3E%3C%2Fsvg%3E\" loading=\"eager\"><\/span><span class=\"fg-image-overlay\"><\/span><\/a><figcaption class=\"fg-caption\"><div class=\"fg-caption-inner\"><\/div><\/figcaption><\/figure><div class=\"fg-loader\"><\/div><\/div><div class=\"fg-item fg-type-image fg-idle\"><figure class=\"fg-item-inner\"><a href=\"https:\/\/www.bizarroproducciones.cl\/eventos\/wp-content\/uploads\/2017\/06\/PRO-DJ_CABEZA_MOVIL_LED_RGBW_BEAM_7R_230W_DMX_4.jpg\" data-attachment-id=\"739\" data-type=\"image\" class=\"fg-thumb\"><span class=\"fg-image-wrap\"><img decoding=\"async\" height=\"300\" width=\"300\" class=\"skip-lazy fg-image\" data-src-fg=\"https:\/\/www.bizarroproducciones.cl\/eventos\/wp-content\/uploads\/cache\/2017\/06\/PRO-DJ_CABEZA_MOVIL_LED_RGBW_BEAM_7R_230W_DMX_4\/1265190349.jpg\" src=\"data:image\/svg+xml,%3Csvg%20xmlns%3D%22http%3A%2F%2Fwww.w3.org%2F2000%2Fsvg%22%20width%3D%22300%22%20height%3D%22300%22%20viewBox%3D%220%200%20300%20300%22%3E%3C%2Fsvg%3E\" loading=\"eager\"><\/span><span class=\"fg-image-overlay\"><\/span><\/a><figcaption class=\"fg-caption\"><div class=\"fg-caption-inner\"><\/div><\/figcaption><\/figure><div class=\"fg-loader\"><\/div><\/div><div class=\"fg-item fg-type-image fg-idle\"><figure class=\"fg-item-inner\"><a href=\"https:\/\/www.bizarroproducciones.cl\/eventos\/wp-content\/uploads\/2017\/06\/led-3.jpg\" data-attachment-id=\"779\" data-type=\"image\" class=\"fg-thumb\"><span class=\"fg-image-wrap\"><img decoding=\"async\" height=\"300\" width=\"225\" class=\"skip-lazy fg-image\" data-src-fg=\"https:\/\/www.bizarroproducciones.cl\/eventos\/wp-content\/uploads\/cache\/2017\/06\/led-3\/3361712506.jpg\" src=\"data:image\/svg+xml,%3Csvg%20xmlns%3D%22http%3A%2F%2Fwww.w3.org%2F2000%2Fsvg%22%20width%3D%22225%22%20height%3D%22300%22%20viewBox%3D%220%200%20225%20300%22%3E%3C%2Fsvg%3E\" loading=\"eager\"><\/span><span class=\"fg-image-overlay\"><\/span><\/a><figcaption class=\"fg-caption\"><div class=\"fg-caption-inner\"><\/div><\/figcaption><\/figure><div class=\"fg-loader\"><\/div><\/div><div class=\"fg-item fg-type-image fg-idle\"><figure class=\"fg-item-inner\"><a href=\"https:\/\/www.bizarroproducciones.cl\/eventos\/wp-content\/uploads\/2017\/06\/crostini4.jpg\" data-attachment-id=\"764\" data-type=\"image\" class=\"fg-thumb\"><span class=\"fg-image-wrap\"><img decoding=\"async\" height=\"300\" width=\"400\" class=\"skip-lazy fg-image\" data-src-fg=\"https:\/\/www.bizarroproducciones.cl\/eventos\/wp-content\/uploads\/cache\/2017\/06\/crostini4\/281748704.jpg\" src=\"data:image\/svg+xml,%3Csvg%20xmlns%3D%22http%3A%2F%2Fwww.w3.org%2F2000%2Fsvg%22%20width%3D%22400%22%20height%3D%22300%22%20viewBox%3D%220%200%20400%20300%22%3E%3C%2Fsvg%3E\" loading=\"eager\"><\/span><span class=\"fg-image-overlay\"><\/span><\/a><figcaption class=\"fg-caption\"><div class=\"fg-caption-inner\"><\/div><\/figcaption><\/figure><div class=\"fg-loader\"><\/div><\/div><div class=\"fg-item fg-type-image fg-idle\"><figure class=\"fg-item-inner\"><a href=\"https:\/\/www.bizarroproducciones.cl\/eventos\/wp-content\/uploads\/2017\/06\/18157092_296254247476543_3627861518604462884_n.jpg\" data-attachment-id=\"755\" data-type=\"image\" class=\"fg-thumb\"><span class=\"fg-image-wrap\"><img decoding=\"async\" height=\"300\" width=\"405\" class=\"skip-lazy fg-image\" data-src-fg=\"https:\/\/www.bizarroproducciones.cl\/eventos\/wp-content\/uploads\/cache\/2017\/06\/18157092_296254247476543_3627861518604462884_n\/1702500525.jpg\" src=\"data:image\/svg+xml,%3Csvg%20xmlns%3D%22http%3A%2F%2Fwww.w3.org%2F2000%2Fsvg%22%20width%3D%22405%22%20height%3D%22300%22%20viewBox%3D%220%200%20405%20300%22%3E%3C%2Fsvg%3E\" loading=\"eager\"><\/span><span class=\"fg-image-overlay\"><\/span><\/a><figcaption class=\"fg-caption\"><div class=\"fg-caption-inner\"><\/div><\/figcaption><\/figure><div class=\"fg-loader\"><\/div><\/div><div class=\"fg-item fg-type-image fg-idle\"><figure class=\"fg-item-inner\"><a href=\"https:\/\/www.bizarroproducciones.cl\/eventos\/wp-content\/uploads\/2017\/06\/estructura-ilumnada.jpg\" data-attachment-id=\"776\" data-type=\"image\" class=\"fg-thumb\"><span class=\"fg-image-wrap\"><img decoding=\"async\" height=\"300\" width=\"483\" class=\"skip-lazy fg-image\" data-src-fg=\"https:\/\/www.bizarroproducciones.cl\/eventos\/wp-content\/uploads\/cache\/2017\/06\/estructura-ilumnada\/1662929965.jpg\" src=\"data:image\/svg+xml,%3Csvg%20xmlns%3D%22http%3A%2F%2Fwww.w3.org%2F2000%2Fsvg%22%20width%3D%22483%22%20height%3D%22300%22%20viewBox%3D%220%200%20483%20300%22%3E%3C%2Fsvg%3E\" loading=\"eager\"><\/span><span class=\"fg-image-overlay\"><\/span><\/a><figcaption class=\"fg-caption\"><div class=\"fg-caption-inner\"><\/div><\/figcaption><\/figure><div class=\"fg-loader\"><\/div><\/div><div class=\"fg-item fg-type-image fg-idle\"><figure class=\"fg-item-inner\"><a href=\"https:\/\/www.bizarroproducciones.cl\/eventos\/wp-content\/uploads\/2017\/06\/31.jpg\" data-attachment-id=\"770\" data-type=\"image\" class=\"fg-thumb\"><span class=\"fg-image-wrap\"><img decoding=\"async\" height=\"300\" width=\"441\" class=\"skip-lazy fg-image\" data-src-fg=\"https:\/\/www.bizarroproducciones.cl\/eventos\/wp-content\/uploads\/cache\/2017\/06\/31\/3251751272.jpg\" src=\"data:image\/svg+xml,%3Csvg%20xmlns%3D%22http%3A%2F%2Fwww.w3.org%2F2000%2Fsvg%22%20width%3D%22441%22%20height%3D%22300%22%20viewBox%3D%220%200%20441%20300%22%3E%3C%2Fsvg%3E\" loading=\"eager\"><\/span><span class=\"fg-image-overlay\"><\/span><\/a><figcaption class=\"fg-caption\"><div class=\"fg-caption-inner\"><\/div><\/figcaption><\/figure><div class=\"fg-loader\"><\/div><\/div><div class=\"fg-item fg-type-image fg-idle\"><figure class=\"fg-item-inner\"><a href=\"https:\/\/www.bizarroproducciones.cl\/eventos\/wp-content\/uploads\/2017\/06\/14889827_204566453311990_874505782580107786_o.jpg\" data-attachment-id=\"747\" data-type=\"image\" class=\"fg-thumb\"><span class=\"fg-image-wrap\"><img decoding=\"async\" height=\"300\" width=\"400\" class=\"skip-lazy fg-image\" data-src-fg=\"https:\/\/www.bizarroproducciones.cl\/eventos\/wp-content\/uploads\/cache\/2017\/06\/14889827_204566453311990_874505782580107786_o\/2680095782.jpg\" src=\"data:image\/svg+xml,%3Csvg%20xmlns%3D%22http%3A%2F%2Fwww.w3.org%2F2000%2Fsvg%22%20width%3D%22400%22%20height%3D%22300%22%20viewBox%3D%220%200%20400%20300%22%3E%3C%2Fsvg%3E\" loading=\"eager\"><\/span><span class=\"fg-image-overlay\"><\/span><\/a><figcaption class=\"fg-caption\"><div class=\"fg-caption-inner\"><\/div><\/figcaption><\/figure><div class=\"fg-loader\"><\/div><\/div><div class=\"fg-item fg-type-image fg-idle\"><figure class=\"fg-item-inner\"><a href=\"https:\/\/www.bizarroproducciones.cl\/eventos\/wp-content\/uploads\/2017\/06\/pistas-de-led-15-anoseventos-186321-MLA20762516174_062016-F.jpg\" data-attachment-id=\"737\" data-type=\"image\" class=\"fg-thumb\"><span class=\"fg-image-wrap\"><img decoding=\"async\" height=\"300\" width=\"451\" class=\"skip-lazy fg-image\" data-src-fg=\"https:\/\/www.bizarroproducciones.cl\/eventos\/wp-content\/uploads\/cache\/2017\/06\/pistas-de-led-15-anoseventos-186321-MLA20762516174_062016-F\/2944079727.jpg\" src=\"data:image\/svg+xml,%3Csvg%20xmlns%3D%22http%3A%2F%2Fwww.w3.org%2F2000%2Fsvg%22%20width%3D%22451%22%20height%3D%22300%22%20viewBox%3D%220%200%20451%20300%22%3E%3C%2Fsvg%3E\" loading=\"eager\"><\/span><span class=\"fg-image-overlay\"><\/span><\/a><figcaption class=\"fg-caption\"><div class=\"fg-caption-inner\"><\/div><\/figcaption><\/figure><div class=\"fg-loader\"><\/div><\/div><div class=\"fg-item fg-type-image fg-idle\"><figure class=\"fg-item-inner\"><a href=\"https:\/\/www.bizarroproducciones.cl\/eventos\/wp-content\/uploads\/2017\/06\/cabeza-movil-beam-7r-230-watts-robotica-inteligente-estuche-22673-MLM20234716274_012015-F.jpg\" data-attachment-id=\"727\" data-type=\"image\" class=\"fg-thumb\"><span class=\"fg-image-wrap\"><img decoding=\"async\" height=\"300\" width=\"533\" class=\"skip-lazy fg-image\" data-src-fg=\"https:\/\/www.bizarroproducciones.cl\/eventos\/wp-content\/uploads\/cache\/2017\/06\/cabeza-movil-beam-7r-230-watts-robotica-inteligente-estuche-22673-MLM20234716274_012015-F\/659435754.jpg\" src=\"data:image\/svg+xml,%3Csvg%20xmlns%3D%22http%3A%2F%2Fwww.w3.org%2F2000%2Fsvg%22%20width%3D%22533%22%20height%3D%22300%22%20viewBox%3D%220%200%20533%20300%22%3E%3C%2Fsvg%3E\" loading=\"eager\"><\/span><span class=\"fg-image-overlay\"><\/span><\/a><figcaption class=\"fg-caption\"><div class=\"fg-caption-inner\"><\/div><\/figcaption><\/figure><div class=\"fg-loader\"><\/div><\/div><div class=\"fg-item fg-type-image fg-idle\"><figure class=\"fg-item-inner\"><a href=\"https:\/\/www.bizarroproducciones.cl\/eventos\/wp-content\/uploads\/2017\/06\/Laser-rgb.jpg\" data-attachment-id=\"726\" data-type=\"image\" class=\"fg-thumb\"><span class=\"fg-image-wrap\"><img decoding=\"async\" height=\"300\" width=\"300\" class=\"skip-lazy fg-image\" data-src-fg=\"https:\/\/www.bizarroproducciones.cl\/eventos\/wp-content\/uploads\/cache\/2017\/06\/Laser-rgb\/3877690791.jpg\" src=\"data:image\/svg+xml,%3Csvg%20xmlns%3D%22http%3A%2F%2Fwww.w3.org%2F2000%2Fsvg%22%20width%3D%22300%22%20height%3D%22300%22%20viewBox%3D%220%200%20300%20300%22%3E%3C%2Fsvg%3E\" loading=\"eager\"><\/span><span class=\"fg-image-overlay\"><\/span><\/a><figcaption class=\"fg-caption\"><div class=\"fg-caption-inner\"><\/div><\/figcaption><\/figure><div class=\"fg-loader\"><\/div><\/div><div class=\"fg-item fg-type-image fg-idle\"><figure class=\"fg-item-inner\"><a href=\"https:\/\/www.bizarroproducciones.cl\/eventos\/wp-content\/uploads\/2017\/06\/90W-RGBW-6-12-Channels-font-b-LED-b-font-DMX512-Mini-Spider-Stage-font-b.jpg\" data-attachment-id=\"724\" data-type=\"image\" class=\"fg-thumb\"><span class=\"fg-image-wrap\"><img decoding=\"async\" height=\"300\" width=\"300\" class=\"skip-lazy fg-image\" data-src-fg=\"https:\/\/www.bizarroproducciones.cl\/eventos\/wp-content\/uploads\/cache\/2017\/06\/90W-RGBW-6-12-Channels-font-b-LED-b-font-DMX512-Mini-Spider-Stage-font-b\/2529838485.jpg\" src=\"data:image\/svg+xml,%3Csvg%20xmlns%3D%22http%3A%2F%2Fwww.w3.org%2F2000%2Fsvg%22%20width%3D%22300%22%20height%3D%22300%22%20viewBox%3D%220%200%20300%20300%22%3E%3C%2Fsvg%3E\" loading=\"eager\"><\/span><span class=\"fg-image-overlay\"><\/span><\/a><figcaption class=\"fg-caption\"><div class=\"fg-caption-inner\"><\/div><\/figcaption><\/figure><div class=\"fg-loader\"><\/div><\/div><div class=\"fg-item fg-type-image fg-idle\"><figure class=\"fg-item-inner\"><a href=\"https:\/\/www.bizarroproducciones.cl\/eventos\/wp-content\/uploads\/2014\/08\/DDJ-Sx-Case.jpg\" data-attachment-id=\"698\" data-type=\"image\" class=\"fg-thumb\"><span class=\"fg-image-wrap\"><img decoding=\"async\" height=\"300\" width=\"401\" class=\"skip-lazy fg-image\" data-src-fg=\"https:\/\/www.bizarroproducciones.cl\/eventos\/wp-content\/uploads\/cache\/2014\/08\/DDJ-Sx-Case\/2203637896.jpg\" src=\"data:image\/svg+xml,%3Csvg%20xmlns%3D%22http%3A%2F%2Fwww.w3.org%2F2000%2Fsvg%22%20width%3D%22401%22%20height%3D%22300%22%20viewBox%3D%220%200%20401%20300%22%3E%3C%2Fsvg%3E\" loading=\"eager\"><\/span><span class=\"fg-image-overlay\"><\/span><\/a><figcaption class=\"fg-caption\"><div class=\"fg-caption-inner\"><\/div><\/figcaption><\/figure><div class=\"fg-loader\"><\/div><\/div><div class=\"fg-item fg-type-image fg-idle\"><figure class=\"fg-item-inner\"><a href=\"https:\/\/www.bizarroproducciones.cl\/eventos\/wp-content\/uploads\/2017\/06\/4.jpg\" data-attachment-id=\"687\" data-type=\"image\" class=\"fg-thumb\"><span class=\"fg-image-wrap\"><img decoding=\"async\" height=\"300\" width=\"402\" class=\"skip-lazy fg-image\" data-src-fg=\"https:\/\/www.bizarroproducciones.cl\/eventos\/wp-content\/uploads\/cache\/2017\/06\/4\/1540558584.jpg\" src=\"data:image\/svg+xml,%3Csvg%20xmlns%3D%22http%3A%2F%2Fwww.w3.org%2F2000%2Fsvg%22%20width%3D%22402%22%20height%3D%22300%22%20viewBox%3D%220%200%20402%20300%22%3E%3C%2Fsvg%3E\" loading=\"eager\"><\/span><span class=\"fg-image-overlay\"><\/span><\/a><figcaption class=\"fg-caption\"><div class=\"fg-caption-inner\"><\/div><\/figcaption><\/figure><div class=\"fg-loader\"><\/div><\/div><div class=\"fg-item fg-type-image fg-idle\"><figure class=\"fg-item-inner\"><a href=\"https:\/\/www.bizarroproducciones.cl\/eventos\/wp-content\/uploads\/2017\/06\/antonio-1.jpg\" data-attachment-id=\"681\" data-type=\"image\" class=\"fg-thumb\"><span class=\"fg-image-wrap\"><img decoding=\"async\" height=\"300\" width=\"400\" class=\"skip-lazy fg-image\" data-src-fg=\"https:\/\/www.bizarroproducciones.cl\/eventos\/wp-content\/uploads\/cache\/2017\/06\/antonio-1\/2068239462.jpg\" src=\"data:image\/svg+xml,%3Csvg%20xmlns%3D%22http%3A%2F%2Fwww.w3.org%2F2000%2Fsvg%22%20width%3D%22400%22%20height%3D%22300%22%20viewBox%3D%220%200%20400%20300%22%3E%3C%2Fsvg%3E\" loading=\"eager\"><\/span><span class=\"fg-image-overlay\"><\/span><\/a><figcaption class=\"fg-caption\"><div class=\"fg-caption-inner\"><\/div><\/figcaption><\/figure><div class=\"fg-loader\"><\/div><\/div><div class=\"fg-item fg-type-image fg-idle\"><figure class=\"fg-item-inner\"><a href=\"https:\/\/www.bizarroproducciones.cl\/eventos\/wp-content\/uploads\/2017\/06\/pantalla-led-4-p6.jpg\" data-attachment-id=\"785\" data-type=\"image\" class=\"fg-thumb\"><span class=\"fg-image-wrap\"><img decoding=\"async\" height=\"300\" width=\"348\" class=\"skip-lazy fg-image\" data-src-fg=\"https:\/\/www.bizarroproducciones.cl\/eventos\/wp-content\/uploads\/cache\/2017\/06\/pantalla-led-4-p6\/3068237734.jpg\" src=\"data:image\/svg+xml,%3Csvg%20xmlns%3D%22http%3A%2F%2Fwww.w3.org%2F2000%2Fsvg%22%20width%3D%22348%22%20height%3D%22300%22%20viewBox%3D%220%200%20348%20300%22%3E%3C%2Fsvg%3E\" loading=\"eager\"><\/span><span class=\"fg-image-overlay\"><\/span><\/a><figcaption class=\"fg-caption\"><div class=\"fg-caption-inner\"><\/div><\/figcaption><\/figure><div class=\"fg-loader\"><\/div><\/div><div class=\"fg-item fg-type-image fg-idle\"><figure class=\"fg-item-inner\"><a href=\"https:\/\/www.bizarroproducciones.cl\/eventos\/wp-content\/uploads\/2017\/06\/ex2.jpg\" data-attachment-id=\"672\" data-type=\"image\" class=\"fg-thumb\"><span class=\"fg-image-wrap\"><img decoding=\"async\" height=\"300\" width=\"400\" class=\"skip-lazy fg-image\" data-src-fg=\"https:\/\/www.bizarroproducciones.cl\/eventos\/wp-content\/uploads\/cache\/2017\/06\/ex2\/1108774474.jpg\" src=\"data:image\/svg+xml,%3Csvg%20xmlns%3D%22http%3A%2F%2Fwww.w3.org%2F2000%2Fsvg%22%20width%3D%22400%22%20height%3D%22300%22%20viewBox%3D%220%200%20400%20300%22%3E%3C%2Fsvg%3E\" loading=\"eager\"><\/span><span class=\"fg-image-overlay\"><\/span><\/a><figcaption class=\"fg-caption\"><div class=\"fg-caption-inner\"><\/div><\/figcaption><\/figure><div class=\"fg-loader\"><\/div><\/div><div class=\"fg-item fg-type-image fg-idle\"><figure class=\"fg-item-inner\"><a href=\"https:\/\/www.bizarroproducciones.cl\/eventos\/wp-content\/uploads\/2017\/06\/Carpa-ilumnada-5.jpg\" data-attachment-id=\"666\" data-type=\"image\" class=\"fg-thumb\"><span class=\"fg-image-wrap\"><img decoding=\"async\" height=\"300\" width=\"400\" class=\"skip-lazy fg-image\" data-src-fg=\"https:\/\/www.bizarroproducciones.cl\/eventos\/wp-content\/uploads\/cache\/2017\/06\/Carpa-ilumnada-5\/1214788222.jpg\" src=\"data:image\/svg+xml,%3Csvg%20xmlns%3D%22http%3A%2F%2Fwww.w3.org%2F2000%2Fsvg%22%20width%3D%22400%22%20height%3D%22300%22%20viewBox%3D%220%200%20400%20300%22%3E%3C%2Fsvg%3E\" loading=\"eager\"><\/span><span class=\"fg-image-overlay\"><\/span><\/a><figcaption class=\"fg-caption\"><div class=\"fg-caption-inner\"><\/div><\/figcaption><\/figure><div class=\"fg-loader\"><\/div><\/div><div class=\"fg-item fg-type-image fg-idle\"><figure class=\"fg-item-inner\"><a href=\"https:\/\/www.bizarroproducciones.cl\/eventos\/wp-content\/uploads\/2017\/06\/estufa-21.jpeg\" data-attachment-id=\"657\" data-type=\"image\" class=\"fg-thumb\"><span class=\"fg-image-wrap\"><img decoding=\"async\" height=\"300\" width=\"300\" class=\"skip-lazy fg-image\" data-src-fg=\"https:\/\/www.bizarroproducciones.cl\/eventos\/wp-content\/uploads\/cache\/2017\/06\/estufa-21\/2458619561.jpeg\" data-srcset-fg=\"https:\/\/www.bizarroproducciones.cl\/eventos\/wp-content\/uploads\/cache\/2017\/06\/estufa-21\/793575381.jpeg 4x\" src=\"data:image\/svg+xml,%3Csvg%20xmlns%3D%22http%3A%2F%2Fwww.w3.org%2F2000%2Fsvg%22%20width%3D%22300%22%20height%3D%22300%22%20viewBox%3D%220%200%20300%20300%22%3E%3C%2Fsvg%3E\" loading=\"eager\"><\/span><span class=\"fg-image-overlay\"><\/span><\/a><figcaption class=\"fg-caption\"><div class=\"fg-caption-inner\"><\/div><\/figcaption><\/figure><div class=\"fg-loader\"><\/div><\/div><div class=\"fg-item fg-type-image fg-idle\"><figure class=\"fg-item-inner\"><a href=\"https:\/\/www.bizarroproducciones.cl\/eventos\/wp-content\/uploads\/2017\/06\/Estufa-11.jpeg\" data-attachment-id=\"656\" data-type=\"image\" class=\"fg-thumb\"><span class=\"fg-image-wrap\"><img decoding=\"async\" height=\"300\" width=\"300\" class=\"skip-lazy fg-image\" data-src-fg=\"https:\/\/www.bizarroproducciones.cl\/eventos\/wp-content\/uploads\/cache\/2017\/06\/Estufa-11\/2473315806.jpeg\" src=\"data:image\/svg+xml,%3Csvg%20xmlns%3D%22http%3A%2F%2Fwww.w3.org%2F2000%2Fsvg%22%20width%3D%22300%22%20height%3D%22300%22%20viewBox%3D%220%200%20300%20300%22%3E%3C%2Fsvg%3E\" loading=\"eager\"><\/span><span class=\"fg-image-overlay\"><\/span><\/a><figcaption class=\"fg-caption\"><div class=\"fg-caption-inner\"><\/div><\/figcaption><\/figure><div class=\"fg-loader\"><\/div><\/div><\/div>\r\n\n<p data-start=\"1184\" data-end=\"1367\"><strong data-start=\"1184\" data-end=\"1212\">Testimonios:<\/strong> \u00abContratamos sus servicios para nuestro aniversario y superaron todas nuestras expectativas. Profesionalismo y dedicaci\u00f3n en cada detalle.\u00bb\u00a0 Pia y Juan Jaime<\/p>\n<p data-start=\"1369\" data-end=\"1536\">\u00a0<\/p>","protected":false},"excerpt":{"rendered":"<p>Transformamos tus eventos en experiencias inolvidables. Especialistas en producci\u00f3n de eventos corporativos, matrimonios y celebraciones \u00fanicas en Santiago y regiones. \u00a0 Producci\u00f3n de Eventos Corporativos Organizamos eventos empresariales que reflejan la identidad y objetivos de tu marca, cuidando cada detalle para garantizar el \u00e9xito y la profesionalidad. Matrimonios de Ensue\u00f1o&hellip;<\/p>\n<p><a class=\"more-link\" href=\"https:\/\/www.bizarroproducciones.cl\/eventos\/?page_id=347\" title=\"Continue reading &lsquo;GALERIA DE SERVICIOS&rsquo;\">Continue reading <span class=\"meta-nav\">&rarr;<\/span><\/a><\/p>\n","protected":false},"author":1,"featured_media":0,"parent":0,"menu_order":0,"comment_status":"closed","ping_status":"closed","template":"page-templates\/full-width.php","meta":{"footnotes":""},"class_list":["post-347","page","type-page","status-publish","hentry"],"_links":{"self":[{"href":"https:\/\/www.bizarroproducciones.cl\/eventos\/index.php?rest_route=\/wp\/v2\/pages\/347","targetHints":{"allow":["GET"]}}],"collection":[{"href":"https:\/\/www.bizarroproducciones.cl\/eventos\/index.php?rest_route=\/wp\/v2\/pages"}],"about":[{"href":"https:\/\/www.bizarroproducciones.cl\/eventos\/index.php?rest_route=\/wp\/v2\/types\/page"}],"author":[{"embeddable":true,"href":"https:\/\/www.bizarroproducciones.cl\/eventos\/index.php?rest_route=\/wp\/v2\/users\/1"}],"replies":[{"embeddable":true,"href":"https:\/\/www.bizarroproducciones.cl\/eventos\/index.php?rest_route=%2Fwp%2Fv2%2Fcomments&post=347"}],"version-history":[{"count":22,"href":"https:\/\/www.bizarroproducciones.cl\/eventos\/index.php?rest_route=\/wp\/v2\/pages\/347\/revisions"}],"predecessor-version":[{"id":1759,"href":"https:\/\/www.bizarroproducciones.cl\/eventos\/index.php?rest_route=\/wp\/v2\/pages\/347\/revisions\/1759"}],"wp:attachment":[{"href":"https:\/\/www.bizarroproducciones.cl\/eventos\/index.php?rest_route=%2Fwp%2Fv2%2Fmedia&parent=347"}],"curies":[{"name":"wp","href":"https:\/\/api.w.org\/{rel}","templated":true}]}}