{"id":1614,"date":"2024-02-09T22:53:04","date_gmt":"2024-02-09T22:53:04","guid":{"rendered":"https:\/\/www.bizarroproducciones.cl\/eventos\/?page_id=1614"},"modified":"2026-02-17T22:39:06","modified_gmt":"2026-02-17T22:39:06","slug":"podium-acrilico","status":"publish","type":"page","link":"https:\/\/www.bizarroproducciones.cl\/eventos\/?page_id=1614","title":{"rendered":"PODIO ACR\u00cdLICO"},"content":{"rendered":"\n<p>Podio acr\u00cdlico, super est\u00e9tico para eventos; Empresas, conferencias, seminarios, c\u00e1tedras, eventos religiosos, etc. Medidas 58x36x115.<\/p>\n\n\n\n<p class=\"has-text-align-left\">Contamos adem\u00e1s  con sonido, iluminaci\u00f3n, escenario, Pantallas led y lo necesario para implementar cualquier tipo de evento. Empresarial, corporativo o celebraciones. <\/p>\n\n\n\t\t\t<style>\r\n                #foogallery-gallery-1644.fg-justified .fg-item {\r\n                    margin-right: 2px;\r\n                    margin-bottom: 2px;\r\n                }\r\n\r\n                #foogallery-gallery-1644.fg-justified .fg-image {\r\n                    height: 200px;\r\n                }\r\n\t\t\t<\/style>\r\n\t\t\t<div class=\"foogallery foogallery-container foogallery-justified foogallery-lightbox-foogallery fg-justified fg-light fg-shadow-outline fg-loading-default fg-loaded-fade-in fg-caption-always fg-hover-fade fg-hover-zoom2 fg-ready\" id=\"foogallery-gallery-1644\" data-foogallery=\"{&quot;item&quot;:{&quot;showCaptionTitle&quot;:true,&quot;showCaptionDescription&quot;:false},&quot;lazy&quot;:true,&quot;template&quot;:{&quot;rowHeight&quot;:200,&quot;maxRowHeight&quot;:300,&quot;margins&quot;:2,&quot;align&quot;:&quot;center&quot;,&quot;lastRow&quot;:&quot;smart&quot;}}\" data-foogallery-lightbox=\"{&quot;thumbs&quot;:&quot;bottom&quot;,&quot;thumbsCaptions&quot;:false,&quot;thumbsBestFit&quot;:false,&quot;thumbsSmall&quot;:false,&quot;thumbsCaptionsAlign&quot;:&quot;default&quot;,&quot;info&quot;:&quot;bottom&quot;,&quot;infoVisible&quot;:true,&quot;infoOverlay&quot;:true,&quot;infoAlign&quot;:&quot;default&quot;,&quot;transition&quot;:&quot;fade&quot;,&quot;hoverButtons&quot;:false,&quot;fitMedia&quot;:false,&quot;noScrollbars&quot;:true,&quot;preserveButtonSpace&quot;:true,&quot;buttons&quot;:{&quot;fullscreen&quot;:true,&quot;info&quot;:true,&quot;thumbs&quot;:false},&quot;video&quot;:{&quot;autoPlay&quot;:true}}\" >\r\n\t<div class=\"fg-item fg-type-image fg-idle\"><figure class=\"fg-item-inner\"><a href=\"https:\/\/www.bizarroproducciones.cl\/eventos\/wp-content\/uploads\/2024\/02\/Podio-Acrilico.png\" data-attachment-id=\"1830\" data-type=\"image\" class=\"fg-thumb\"><span class=\"fg-image-wrap\"><img fetchpriority=\"high\" decoding=\"async\" height=\"300\" width=\"187\" class=\"skip-lazy fg-image\" data-src-fg=\"https:\/\/www.bizarroproducciones.cl\/eventos\/wp-content\/uploads\/cache\/2024\/02\/Podio-Acrilico\/3135663811.png\" src=\"data:image\/svg+xml,%3Csvg%20xmlns%3D%22http%3A%2F%2Fwww.w3.org%2F2000%2Fsvg%22%20width%3D%22187%22%20height%3D%22300%22%20viewBox%3D%220%200%20187%20300%22%3E%3C%2Fsvg%3E\" loading=\"eager\"><\/span><span class=\"fg-image-overlay\"><\/span><\/a><figcaption class=\"fg-caption\"><div class=\"fg-caption-inner\"><\/div><\/figcaption><\/figure><div class=\"fg-loader\"><\/div><\/div><div class=\"fg-item fg-type-image fg-idle\"><figure class=\"fg-item-inner\"><a href=\"https:\/\/www.bizarroproducciones.cl\/eventos\/wp-content\/uploads\/2024\/02\/57b79798-07ef-413d-9ebd-e6eb45cdf556.jpg\" data-attachment-id=\"1825\" data-type=\"image\" class=\"fg-thumb\"><span class=\"fg-image-wrap\"><img decoding=\"async\" height=\"300\" width=\"225\" class=\"skip-lazy fg-image\" data-src-fg=\"https:\/\/www.bizarroproducciones.cl\/eventos\/wp-content\/uploads\/cache\/2024\/02\/57b79798-07ef-413d-9ebd-e6eb45cdf556\/2174850543.jpg\" data-srcset-fg=\"https:\/\/www.bizarroproducciones.cl\/eventos\/wp-content\/uploads\/cache\/2024\/02\/57b79798-07ef-413d-9ebd-e6eb45cdf556\/2765546108.jpg 4x\" src=\"data:image\/svg+xml,%3Csvg%20xmlns%3D%22http%3A%2F%2Fwww.w3.org%2F2000%2Fsvg%22%20width%3D%22225%22%20height%3D%22300%22%20viewBox%3D%220%200%20225%20300%22%3E%3C%2Fsvg%3E\" loading=\"eager\"><\/span><span class=\"fg-image-overlay\"><\/span><\/a><figcaption class=\"fg-caption\"><div class=\"fg-caption-inner\"><\/div><\/figcaption><\/figure><div class=\"fg-loader\"><\/div><\/div><div class=\"fg-item fg-type-image fg-idle\"><figure class=\"fg-item-inner\"><a href=\"https:\/\/www.bizarroproducciones.cl\/eventos\/wp-content\/uploads\/2024\/02\/Podium-Pulpito-1.4.jpeg\" data-attachment-id=\"1617\" data-type=\"image\" class=\"fg-thumb\"><span class=\"fg-image-wrap\"><img decoding=\"async\" height=\"300\" width=\"196\" class=\"skip-lazy fg-image\" data-src-fg=\"https:\/\/www.bizarroproducciones.cl\/eventos\/wp-content\/uploads\/cache\/2024\/02\/Podium-Pulpito-1_4\/1062036473.jpeg\" src=\"data:image\/svg+xml,%3Csvg%20xmlns%3D%22http%3A%2F%2Fwww.w3.org%2F2000%2Fsvg%22%20width%3D%22196%22%20height%3D%22300%22%20viewBox%3D%220%200%20196%20300%22%3E%3C%2Fsvg%3E\" loading=\"eager\"><\/span><span class=\"fg-image-overlay\"><\/span><\/a><figcaption class=\"fg-caption\"><div class=\"fg-caption-inner\"><\/div><\/figcaption><\/figure><div class=\"fg-loader\"><\/div><\/div><div class=\"fg-item fg-type-image fg-idle\"><figure class=\"fg-item-inner\"><a href=\"https:\/\/www.bizarroproducciones.cl\/eventos\/wp-content\/uploads\/2024\/02\/Podium-Pulpito-1.7.jpeg\" data-attachment-id=\"1620\" data-type=\"image\" class=\"fg-thumb\"><span class=\"fg-image-wrap\"><img decoding=\"async\" height=\"300\" width=\"191\" class=\"skip-lazy fg-image\" data-src-fg=\"https:\/\/www.bizarroproducciones.cl\/eventos\/wp-content\/uploads\/cache\/2024\/02\/Podium-Pulpito-1_7\/464016946.jpeg\" data-srcset-fg=\"https:\/\/www.bizarroproducciones.cl\/eventos\/wp-content\/uploads\/cache\/2024\/02\/Podium-Pulpito-1_7\/2011905838.jpeg 4x\" src=\"data:image\/svg+xml,%3Csvg%20xmlns%3D%22http%3A%2F%2Fwww.w3.org%2F2000%2Fsvg%22%20width%3D%22191%22%20height%3D%22300%22%20viewBox%3D%220%200%20191%20300%22%3E%3C%2Fsvg%3E\" loading=\"eager\"><\/span><span class=\"fg-image-overlay\"><\/span><\/a><figcaption class=\"fg-caption\"><div class=\"fg-caption-inner\"><\/div><\/figcaption><\/figure><div class=\"fg-loader\"><\/div><\/div><div class=\"fg-item fg-type-image fg-idle\"><figure class=\"fg-item-inner\"><a href=\"https:\/\/www.bizarroproducciones.cl\/eventos\/wp-content\/uploads\/2024\/02\/Podium-Pulpito-1.3.jpeg\" data-attachment-id=\"1616\" data-type=\"image\" class=\"fg-thumb\"><span class=\"fg-image-wrap\"><img decoding=\"async\" height=\"300\" width=\"204\" class=\"skip-lazy fg-image\" data-src-fg=\"https:\/\/www.bizarroproducciones.cl\/eventos\/wp-content\/uploads\/cache\/2024\/02\/Podium-Pulpito-1_3\/2655099558.jpeg\" data-srcset-fg=\"https:\/\/www.bizarroproducciones.cl\/eventos\/wp-content\/uploads\/cache\/2024\/02\/Podium-Pulpito-1_3\/2845014613.jpeg 4x\" src=\"data:image\/svg+xml,%3Csvg%20xmlns%3D%22http%3A%2F%2Fwww.w3.org%2F2000%2Fsvg%22%20width%3D%22204%22%20height%3D%22300%22%20viewBox%3D%220%200%20204%20300%22%3E%3C%2Fsvg%3E\" loading=\"eager\"><\/span><span class=\"fg-image-overlay\"><\/span><\/a><figcaption class=\"fg-caption\"><div class=\"fg-caption-inner\"><\/div><\/figcaption><\/figure><div class=\"fg-loader\"><\/div><\/div><div class=\"fg-item fg-type-image fg-idle\"><figure class=\"fg-item-inner\"><a href=\"https:\/\/www.bizarroproducciones.cl\/eventos\/wp-content\/uploads\/2024\/02\/Podium-Pulpito-1.6.jpeg\" data-attachment-id=\"1619\" data-type=\"image\" class=\"fg-thumb\"><span class=\"fg-image-wrap\"><img decoding=\"async\" height=\"300\" width=\"225\" class=\"skip-lazy fg-image\" data-src-fg=\"https:\/\/www.bizarroproducciones.cl\/eventos\/wp-content\/uploads\/cache\/2024\/02\/Podium-Pulpito-1_6\/2124185917.jpeg\" data-srcset-fg=\"https:\/\/www.bizarroproducciones.cl\/eventos\/wp-content\/uploads\/cache\/2024\/02\/Podium-Pulpito-1_6\/479802596.jpeg 4x\" src=\"data:image\/svg+xml,%3Csvg%20xmlns%3D%22http%3A%2F%2Fwww.w3.org%2F2000%2Fsvg%22%20width%3D%22225%22%20height%3D%22300%22%20viewBox%3D%220%200%20225%20300%22%3E%3C%2Fsvg%3E\" loading=\"eager\"><\/span><span class=\"fg-image-overlay\"><\/span><\/a><figcaption class=\"fg-caption\"><div class=\"fg-caption-inner\"><\/div><\/figcaption><\/figure><div class=\"fg-loader\"><\/div><\/div><div class=\"fg-item fg-type-image fg-idle\"><figure class=\"fg-item-inner\"><a href=\"https:\/\/www.bizarroproducciones.cl\/eventos\/wp-content\/uploads\/2024\/02\/Podium-Pulpito-12.jpeg\" data-attachment-id=\"1622\" data-type=\"image\" class=\"fg-thumb\"><span class=\"fg-image-wrap\"><img decoding=\"async\" height=\"300\" width=\"225\" class=\"skip-lazy fg-image\" data-src-fg=\"https:\/\/www.bizarroproducciones.cl\/eventos\/wp-content\/uploads\/cache\/2024\/02\/Podium-Pulpito-12\/46329293.jpeg\" data-srcset-fg=\"https:\/\/www.bizarroproducciones.cl\/eventos\/wp-content\/uploads\/cache\/2024\/02\/Podium-Pulpito-12\/3664440209.jpeg 4x\" src=\"data:image\/svg+xml,%3Csvg%20xmlns%3D%22http%3A%2F%2Fwww.w3.org%2F2000%2Fsvg%22%20width%3D%22225%22%20height%3D%22300%22%20viewBox%3D%220%200%20225%20300%22%3E%3C%2Fsvg%3E\" loading=\"eager\"><\/span><span class=\"fg-image-overlay\"><\/span><\/a><figcaption class=\"fg-caption\"><div class=\"fg-caption-inner\"><\/div><\/figcaption><\/figure><div class=\"fg-loader\"><\/div><\/div><div class=\"fg-item fg-type-image fg-idle\"><figure class=\"fg-item-inner\"><a href=\"https:\/\/www.bizarroproducciones.cl\/eventos\/wp-content\/uploads\/2024\/02\/Podium-Pulpito-1.jpeg\" data-attachment-id=\"1621\" data-type=\"image\" class=\"fg-thumb\"><span class=\"fg-image-wrap\"><img decoding=\"async\" height=\"300\" width=\"225\" class=\"skip-lazy fg-image\" data-src-fg=\"https:\/\/www.bizarroproducciones.cl\/eventos\/wp-content\/uploads\/cache\/2024\/02\/Podium-Pulpito-1\/915864473.jpeg\" data-srcset-fg=\"https:\/\/www.bizarroproducciones.cl\/eventos\/wp-content\/uploads\/cache\/2024\/02\/Podium-Pulpito-1\/2478538033.jpeg 4x\" src=\"data:image\/svg+xml,%3Csvg%20xmlns%3D%22http%3A%2F%2Fwww.w3.org%2F2000%2Fsvg%22%20width%3D%22225%22%20height%3D%22300%22%20viewBox%3D%220%200%20225%20300%22%3E%3C%2Fsvg%3E\" loading=\"eager\"><\/span><span class=\"fg-image-overlay\"><\/span><\/a><figcaption class=\"fg-caption\"><div class=\"fg-caption-inner\"><\/div><\/figcaption><\/figure><div class=\"fg-loader\"><\/div><\/div><div class=\"fg-item fg-type-image fg-idle\"><figure class=\"fg-item-inner\"><a href=\"https:\/\/www.bizarroproducciones.cl\/eventos\/wp-content\/uploads\/2024\/02\/2b57f1a9-02d3-4954-8b26-3df51db7539b.jpg\" data-attachment-id=\"1823\" data-type=\"image\" class=\"fg-thumb\"><span class=\"fg-image-wrap\"><img decoding=\"async\" height=\"300\" width=\"225\" class=\"skip-lazy fg-image\" data-src-fg=\"https:\/\/www.bizarroproducciones.cl\/eventos\/wp-content\/uploads\/cache\/2024\/02\/2b57f1a9-02d3-4954-8b26-3df51db7539b\/106340767.jpg\" data-srcset-fg=\"https:\/\/www.bizarroproducciones.cl\/eventos\/wp-content\/uploads\/cache\/2024\/02\/2b57f1a9-02d3-4954-8b26-3df51db7539b\/589420044.jpg 4x\" src=\"data:image\/svg+xml,%3Csvg%20xmlns%3D%22http%3A%2F%2Fwww.w3.org%2F2000%2Fsvg%22%20width%3D%22225%22%20height%3D%22300%22%20viewBox%3D%220%200%20225%20300%22%3E%3C%2Fsvg%3E\" loading=\"eager\"><\/span><span class=\"fg-image-overlay\"><\/span><\/a><figcaption class=\"fg-caption\"><div class=\"fg-caption-inner\"><\/div><\/figcaption><\/figure><div class=\"fg-loader\"><\/div><\/div><div class=\"fg-item fg-type-image fg-idle\"><figure class=\"fg-item-inner\"><a href=\"https:\/\/www.bizarroproducciones.cl\/eventos\/wp-content\/uploads\/2024\/02\/7ebd110f-b76c-48df-96eb-1c914ff7b49f.jpg\" data-attachment-id=\"1824\" data-type=\"image\" class=\"fg-thumb\"><span class=\"fg-image-wrap\"><img decoding=\"async\" height=\"300\" width=\"225\" class=\"skip-lazy fg-image\" data-src-fg=\"https:\/\/www.bizarroproducciones.cl\/eventos\/wp-content\/uploads\/cache\/2024\/02\/7ebd110f-b76c-48df-96eb-1c914ff7b49f\/2959061690.jpg\" data-srcset-fg=\"https:\/\/www.bizarroproducciones.cl\/eventos\/wp-content\/uploads\/cache\/2024\/02\/7ebd110f-b76c-48df-96eb-1c914ff7b49f\/2502477097.jpg 4x\" src=\"data:image\/svg+xml,%3Csvg%20xmlns%3D%22http%3A%2F%2Fwww.w3.org%2F2000%2Fsvg%22%20width%3D%22225%22%20height%3D%22300%22%20viewBox%3D%220%200%20225%20300%22%3E%3C%2Fsvg%3E\" loading=\"eager\"><\/span><span class=\"fg-image-overlay\"><\/span><\/a><figcaption class=\"fg-caption\"><div class=\"fg-caption-inner\"><\/div><\/figcaption><\/figure><div class=\"fg-loader\"><\/div><\/div><div class=\"fg-item fg-type-image fg-idle\"><figure class=\"fg-item-inner\"><a href=\"https:\/\/www.bizarroproducciones.cl\/eventos\/wp-content\/uploads\/2024\/02\/Podium-2.png\" data-attachment-id=\"1828\" data-type=\"image\" class=\"fg-thumb\"><span class=\"fg-image-wrap\"><img decoding=\"async\" height=\"300\" width=\"203\" class=\"skip-lazy fg-image\" data-src-fg=\"https:\/\/www.bizarroproducciones.cl\/eventos\/wp-content\/uploads\/cache\/2024\/02\/Podium-2\/1580861767.png\" data-srcset-fg=\"https:\/\/www.bizarroproducciones.cl\/eventos\/wp-content\/uploads\/cache\/2024\/02\/Podium-2\/2523617900.png 4x\" src=\"data:image\/svg+xml,%3Csvg%20xmlns%3D%22http%3A%2F%2Fwww.w3.org%2F2000%2Fsvg%22%20width%3D%22203%22%20height%3D%22300%22%20viewBox%3D%220%200%20203%20300%22%3E%3C%2Fsvg%3E\" loading=\"eager\"><\/span><span class=\"fg-image-overlay\"><\/span><\/a><figcaption class=\"fg-caption\"><div class=\"fg-caption-inner\"><\/div><\/figcaption><\/figure><div class=\"fg-loader\"><\/div><\/div><div class=\"fg-item fg-type-image fg-idle\"><figure class=\"fg-item-inner\"><a href=\"https:\/\/www.bizarroproducciones.cl\/eventos\/wp-content\/uploads\/2024\/02\/PODIO-2025.jpg\" data-attachment-id=\"1827\" data-type=\"image\" class=\"fg-thumb\"><span class=\"fg-image-wrap\"><img decoding=\"async\" height=\"300\" width=\"225\" class=\"skip-lazy fg-image\" data-src-fg=\"https:\/\/www.bizarroproducciones.cl\/eventos\/wp-content\/uploads\/cache\/2024\/02\/PODIO-2025\/3932686984.jpg\" data-srcset-fg=\"https:\/\/www.bizarroproducciones.cl\/eventos\/wp-content\/uploads\/cache\/2024\/02\/PODIO-2025\/2469319533.jpg 4x\" src=\"data:image\/svg+xml,%3Csvg%20xmlns%3D%22http%3A%2F%2Fwww.w3.org%2F2000%2Fsvg%22%20width%3D%22225%22%20height%3D%22300%22%20viewBox%3D%220%200%20225%20300%22%3E%3C%2Fsvg%3E\" loading=\"eager\"><\/span><span class=\"fg-image-overlay\"><\/span><\/a><figcaption class=\"fg-caption\"><div class=\"fg-caption-inner\"><\/div><\/figcaption><\/figure><div class=\"fg-loader\"><\/div><\/div><div class=\"fg-item fg-type-image fg-idle\"><figure class=\"fg-item-inner\"><a href=\"https:\/\/www.bizarroproducciones.cl\/eventos\/wp-content\/uploads\/2024\/02\/0e2f56a7-62f0-43ad-8388-fe59883095f0.jpg\" data-attachment-id=\"1822\" data-type=\"image\" class=\"fg-thumb\"><span class=\"fg-image-wrap\"><img decoding=\"async\" height=\"300\" width=\"169\" class=\"skip-lazy fg-image\" data-src-fg=\"https:\/\/www.bizarroproducciones.cl\/eventos\/wp-content\/uploads\/cache\/2024\/02\/0e2f56a7-62f0-43ad-8388-fe59883095f0\/1170064346.jpg\" data-srcset-fg=\"https:\/\/www.bizarroproducciones.cl\/eventos\/wp-content\/uploads\/cache\/2024\/02\/0e2f56a7-62f0-43ad-8388-fe59883095f0\/4281983931.jpg 4x\" src=\"data:image\/svg+xml,%3Csvg%20xmlns%3D%22http%3A%2F%2Fwww.w3.org%2F2000%2Fsvg%22%20width%3D%22169%22%20height%3D%22300%22%20viewBox%3D%220%200%20169%20300%22%3E%3C%2Fsvg%3E\" loading=\"eager\"><\/span><span class=\"fg-image-overlay\"><\/span><\/a><figcaption class=\"fg-caption\"><div class=\"fg-caption-inner\"><\/div><\/figcaption><\/figure><div class=\"fg-loader\"><\/div><\/div><div class=\"fg-item fg-type-image fg-idle\"><figure class=\"fg-item-inner\"><a href=\"https:\/\/www.bizarroproducciones.cl\/eventos\/wp-content\/uploads\/2024\/02\/368b106b-fad5-4aeb-a201-15e27cf28676.jpg\" data-attachment-id=\"1826\" data-type=\"image\" class=\"fg-thumb\"><span class=\"fg-image-wrap\"><img decoding=\"async\" height=\"300\" width=\"225\" class=\"skip-lazy fg-image\" data-src-fg=\"https:\/\/www.bizarroproducciones.cl\/eventos\/wp-content\/uploads\/cache\/2024\/02\/368b106b-fad5-4aeb-a201-15e27cf28676\/2081239377.jpg\" data-srcset-fg=\"https:\/\/www.bizarroproducciones.cl\/eventos\/wp-content\/uploads\/cache\/2024\/02\/368b106b-fad5-4aeb-a201-15e27cf28676\/1501185730.jpg 4x\" src=\"data:image\/svg+xml,%3Csvg%20xmlns%3D%22http%3A%2F%2Fwww.w3.org%2F2000%2Fsvg%22%20width%3D%22225%22%20height%3D%22300%22%20viewBox%3D%220%200%20225%20300%22%3E%3C%2Fsvg%3E\" loading=\"eager\"><\/span><span class=\"fg-image-overlay\"><\/span><\/a><figcaption class=\"fg-caption\"><div class=\"fg-caption-inner\"><\/div><\/figcaption><\/figure><div class=\"fg-loader\"><\/div><\/div><\/div>\r\n\n\n\n\n<p>Con despacho en Stgo y fuera de Stgo<\/p>\n\n\n\n<p><strong>Fono Contacto: +569 93222573 y Whatsapp<\/strong><\/p>\n\n\n\n<p><\/p>\n","protected":false},"excerpt":{"rendered":"<p>Podio acr\u00cdlico, super est\u00e9tico para eventos; Empresas, conferencias, seminarios, c\u00e1tedras, eventos religiosos, etc. Medidas 58x36x115. Contamos adem\u00e1s con sonido, iluminaci\u00f3n, escenario, Pantallas led y lo necesario para implementar cualquier tipo de evento. Empresarial, corporativo o celebraciones. Con despacho en Stgo y fuera de Stgo Fono Contacto: +569 93222573 y Whatsapp<\/p>\n","protected":false},"author":1,"featured_media":0,"parent":0,"menu_order":0,"comment_status":"closed","ping_status":"closed","template":"","meta":{"footnotes":""},"class_list":["post-1614","page","type-page","status-publish","hentry"],"_links":{"self":[{"href":"https:\/\/www.bizarroproducciones.cl\/eventos\/index.php?rest_route=\/wp\/v2\/pages\/1614","targetHints":{"allow":["GET"]}}],"collection":[{"href":"https:\/\/www.bizarroproducciones.cl\/eventos\/index.php?rest_route=\/wp\/v2\/pages"}],"about":[{"href":"https:\/\/www.bizarroproducciones.cl\/eventos\/index.php?rest_route=\/wp\/v2\/types\/page"}],"author":[{"embeddable":true,"href":"https:\/\/www.bizarroproducciones.cl\/eventos\/index.php?rest_route=\/wp\/v2\/users\/1"}],"replies":[{"embeddable":true,"href":"https:\/\/www.bizarroproducciones.cl\/eventos\/index.php?rest_route=%2Fwp%2Fv2%2Fcomments&post=1614"}],"version-history":[{"count":8,"href":"https:\/\/www.bizarroproducciones.cl\/eventos\/index.php?rest_route=\/wp\/v2\/pages\/1614\/revisions"}],"predecessor-version":[{"id":1821,"href":"https:\/\/www.bizarroproducciones.cl\/eventos\/index.php?rest_route=\/wp\/v2\/pages\/1614\/revisions\/1821"}],"wp:attachment":[{"href":"https:\/\/www.bizarroproducciones.cl\/eventos\/index.php?rest_route=%2Fwp%2Fv2%2Fmedia&parent=1614"}],"curies":[{"name":"wp","href":"https:\/\/api.w.org\/{rel}","templated":true}]}}