{"id":1065,"date":"2018-11-05T02:45:07","date_gmt":"2018-11-05T02:45:07","guid":{"rendered":"http:\/\/www.bizarroproducciones.cl\/eventos\/?page_id=1065"},"modified":"2025-02-21T02:44:14","modified_gmt":"2025-02-21T02:44:14","slug":"instalaciones-terreno","status":"publish","type":"page","link":"https:\/\/www.bizarroproducciones.cl\/eventos\/?page_id=1065","title":{"rendered":"MONTAJE DE EVENTOS"},"content":{"rendered":"<p>Montajes, eventos y fiestas que realizamos, donde evidenciamos nuestra calidad de servicios y la distintas opciones de: Iluminaci\u00f3n, decoraci\u00f3n y sonido, banqueter\u00eda, carpas, calefactores, ventiladores. Y otros servicios adicionales para nuestros clientes.<\/p>\n<p>Cont\u00e1ctanos, quedamos atentos a todas tus consultas. y ser\u00e1 un placer poder ayudar en la organizaci\u00f3n de t\u00fa celebraci\u00f3n.<\/p>\n<p><span style=\"font-weight: bold;\"><span style=\"color: #3366ff;\">Contacto: +569 89015235<\/span><\/span><\/p>\n<p><span style=\"font-weight: bold;\"><span style=\"color: #3366ff;\">Bizarroproducciones@gmail.com<\/span><\/span><\/p>\n\t\t\t<style>\r\n                #foogallery-gallery-1064.fg-justified .fg-item {\r\n                    margin-right: 1px;\r\n                    margin-bottom: 1px;\r\n                }\r\n\r\n                #foogallery-gallery-1064.fg-justified .fg-image {\r\n                    height: 150px;\r\n                }\r\n\t\t\t<\/style>\r\n\t\t\t<div class=\"foogallery foogallery-container foogallery-justified foogallery-lightbox-none fg-justified fg-light fg-border-thin fg-shadow-outline fg-loading-default fg-loaded-fade-in fg-caption-hover fg-hover-fade fg-hover-zoom fg-ready\" id=\"foogallery-gallery-1064\" data-foogallery=\"{&quot;item&quot;:{&quot;showCaptionTitle&quot;:true,&quot;showCaptionDescription&quot;:true},&quot;lazy&quot;:true,&quot;template&quot;:{&quot;rowHeight&quot;:150,&quot;maxRowHeight&quot;:300,&quot;margins&quot;:1,&quot;align&quot;:&quot;center&quot;,&quot;lastRow&quot;:&quot;smart&quot;}}\" >\r\n\t<div class=\"fg-item fg-type-image fg-idle\"><figure class=\"fg-item-inner\"><a href=\"https:\/\/www.bizarroproducciones.cl\/eventos\/wp-content\/uploads\/2018\/07\/25445907_10215859882149276_6700099297940723867_n.jpg\" data-attachment-id=\"954\" data-type=\"image\" class=\"fg-thumb\"><span class=\"fg-image-wrap\"><img fetchpriority=\"high\" decoding=\"async\" height=\"300\" width=\"400\" class=\"skip-lazy fg-image\" data-src-fg=\"https:\/\/www.bizarroproducciones.cl\/eventos\/wp-content\/uploads\/cache\/2018\/07\/25445907_10215859882149276_6700099297940723867_n\/2532693959.jpg\" src=\"data:image\/svg+xml,%3Csvg%20xmlns%3D%22http%3A%2F%2Fwww.w3.org%2F2000%2Fsvg%22%20width%3D%22400%22%20height%3D%22300%22%20viewBox%3D%220%200%20400%20300%22%3E%3C%2Fsvg%3E\" loading=\"eager\"><\/span><span class=\"fg-image-overlay\"><\/span><\/a><figcaption class=\"fg-caption\"><div class=\"fg-caption-inner\"><\/div><\/figcaption><\/figure><div class=\"fg-loader\"><\/div><\/div><div class=\"fg-item fg-type-image fg-idle\"><figure class=\"fg-item-inner\"><a href=\"https:\/\/www.bizarroproducciones.cl\/eventos\/wp-content\/uploads\/2018\/07\/29512365_10216844021152136_8536405374401205423_n.jpg\" data-attachment-id=\"956\" data-type=\"image\" class=\"fg-thumb\"><span class=\"fg-image-wrap\"><img decoding=\"async\" height=\"300\" width=\"400\" class=\"skip-lazy fg-image\" data-src-fg=\"https:\/\/www.bizarroproducciones.cl\/eventos\/wp-content\/uploads\/cache\/2018\/07\/29512365_10216844021152136_8536405374401205423_n\/1472985529.jpg\" src=\"data:image\/svg+xml,%3Csvg%20xmlns%3D%22http%3A%2F%2Fwww.w3.org%2F2000%2Fsvg%22%20width%3D%22400%22%20height%3D%22300%22%20viewBox%3D%220%200%20400%20300%22%3E%3C%2Fsvg%3E\" loading=\"eager\"><\/span><span class=\"fg-image-overlay\"><\/span><\/a><figcaption class=\"fg-caption\"><div class=\"fg-caption-inner\"><\/div><\/figcaption><\/figure><div class=\"fg-loader\"><\/div><\/div><div class=\"fg-item fg-type-image fg-idle\"><figure class=\"fg-item-inner\"><a href=\"https:\/\/www.bizarroproducciones.cl\/eventos\/wp-content\/uploads\/2018\/07\/25354110_10215859882589287_9194689166725070233_n1.jpg\" data-attachment-id=\"964\" data-type=\"image\" class=\"fg-thumb\"><span class=\"fg-image-wrap\"><img decoding=\"async\" height=\"300\" width=\"400\" class=\"skip-lazy fg-image\" data-src-fg=\"https:\/\/www.bizarroproducciones.cl\/eventos\/wp-content\/uploads\/cache\/2018\/07\/25354110_10215859882589287_9194689166725070233_n1\/4004991499.jpg\" src=\"data:image\/svg+xml,%3Csvg%20xmlns%3D%22http%3A%2F%2Fwww.w3.org%2F2000%2Fsvg%22%20width%3D%22400%22%20height%3D%22300%22%20viewBox%3D%220%200%20400%20300%22%3E%3C%2Fsvg%3E\" loading=\"eager\"><\/span><span class=\"fg-image-overlay\"><\/span><\/a><figcaption class=\"fg-caption\"><div class=\"fg-caption-inner\"><\/div><\/figcaption><\/figure><div class=\"fg-loader\"><\/div><\/div><div class=\"fg-item fg-type-image fg-idle\"><figure class=\"fg-item-inner\"><a href=\"https:\/\/www.bizarroproducciones.cl\/eventos\/wp-content\/uploads\/2018\/07\/29541086_10216842903124186_4449120376252992707_n.jpg\" data-attachment-id=\"957\" data-type=\"image\" class=\"fg-thumb\"><span class=\"fg-image-wrap\"><img decoding=\"async\" height=\"300\" width=\"400\" class=\"skip-lazy fg-image\" data-src-fg=\"https:\/\/www.bizarroproducciones.cl\/eventos\/wp-content\/uploads\/cache\/2018\/07\/29541086_10216842903124186_4449120376252992707_n\/2847953570.jpg\" src=\"data:image\/svg+xml,%3Csvg%20xmlns%3D%22http%3A%2F%2Fwww.w3.org%2F2000%2Fsvg%22%20width%3D%22400%22%20height%3D%22300%22%20viewBox%3D%220%200%20400%20300%22%3E%3C%2Fsvg%3E\" loading=\"eager\"><\/span><span class=\"fg-image-overlay\"><\/span><\/a><figcaption class=\"fg-caption\"><div class=\"fg-caption-inner\"><\/div><\/figcaption><\/figure><div class=\"fg-loader\"><\/div><\/div><div class=\"fg-item fg-type-image fg-idle\"><figure class=\"fg-item-inner\"><a href=\"https:\/\/www.bizarroproducciones.cl\/eventos\/wp-content\/uploads\/2018\/07\/21462469_10215060111435508_281595876988984443_n.jpg\" data-attachment-id=\"950\" data-type=\"image\" class=\"fg-thumb\"><span class=\"fg-image-wrap\"><img decoding=\"async\" height=\"300\" width=\"225\" class=\"skip-lazy fg-image\" data-src-fg=\"https:\/\/www.bizarroproducciones.cl\/eventos\/wp-content\/uploads\/cache\/2018\/07\/21462469_10215060111435508_281595876988984443_n\/2042692076.jpg\" src=\"data:image\/svg+xml,%3Csvg%20xmlns%3D%22http%3A%2F%2Fwww.w3.org%2F2000%2Fsvg%22%20width%3D%22225%22%20height%3D%22300%22%20viewBox%3D%220%200%20225%20300%22%3E%3C%2Fsvg%3E\" loading=\"eager\"><\/span><span class=\"fg-image-overlay\"><\/span><\/a><figcaption class=\"fg-caption\"><div class=\"fg-caption-inner\"><\/div><\/figcaption><\/figure><div class=\"fg-loader\"><\/div><\/div><div class=\"fg-item fg-type-image fg-idle\"><figure class=\"fg-item-inner\"><a href=\"https:\/\/www.bizarroproducciones.cl\/eventos\/wp-content\/uploads\/2018\/07\/52.jpg\" data-attachment-id=\"929\" data-type=\"image\" class=\"fg-thumb\"><span class=\"fg-image-wrap\"><img decoding=\"async\" height=\"300\" width=\"400\" class=\"skip-lazy fg-image\" data-src-fg=\"https:\/\/www.bizarroproducciones.cl\/eventos\/wp-content\/uploads\/cache\/2018\/07\/52\/3846584720.jpg\" src=\"data:image\/svg+xml,%3Csvg%20xmlns%3D%22http%3A%2F%2Fwww.w3.org%2F2000%2Fsvg%22%20width%3D%22400%22%20height%3D%22300%22%20viewBox%3D%220%200%20400%20300%22%3E%3C%2Fsvg%3E\" loading=\"eager\"><\/span><span class=\"fg-image-overlay\"><\/span><\/a><figcaption class=\"fg-caption\"><div class=\"fg-caption-inner\"><\/div><\/figcaption><\/figure><div class=\"fg-loader\"><\/div><\/div><div class=\"fg-item fg-type-image fg-idle\"><figure class=\"fg-item-inner\"><a href=\"https:\/\/www.bizarroproducciones.cl\/eventos\/wp-content\/uploads\/2018\/07\/8-escenario-Mavi.jpg\" data-attachment-id=\"912\" data-type=\"image\" class=\"fg-thumb\"><span class=\"fg-image-wrap\"><img decoding=\"async\" height=\"300\" width=\"534\" class=\"skip-lazy fg-image\" data-src-fg=\"https:\/\/www.bizarroproducciones.cl\/eventos\/wp-content\/uploads\/cache\/2018\/07\/8-escenario-Mavi\/2848992267.jpg\" src=\"data:image\/svg+xml,%3Csvg%20xmlns%3D%22http%3A%2F%2Fwww.w3.org%2F2000%2Fsvg%22%20width%3D%22534%22%20height%3D%22300%22%20viewBox%3D%220%200%20534%20300%22%3E%3C%2Fsvg%3E\" loading=\"eager\"><\/span><span class=\"fg-image-overlay\"><\/span><\/a><figcaption class=\"fg-caption\"><div class=\"fg-caption-inner\"><\/div><\/figcaption><\/figure><div class=\"fg-loader\"><\/div><\/div><div class=\"fg-item fg-type-image fg-idle\"><figure class=\"fg-item-inner\"><a href=\"https:\/\/www.bizarroproducciones.cl\/eventos\/wp-content\/uploads\/2018\/07\/61.jpg\" data-attachment-id=\"910\" data-type=\"image\" class=\"fg-thumb\"><span class=\"fg-image-wrap\"><img decoding=\"async\" height=\"300\" width=\"439\" class=\"skip-lazy fg-image\" data-src-fg=\"https:\/\/www.bizarroproducciones.cl\/eventos\/wp-content\/uploads\/cache\/2018\/07\/61\/2017804437.jpg\" src=\"data:image\/svg+xml,%3Csvg%20xmlns%3D%22http%3A%2F%2Fwww.w3.org%2F2000%2Fsvg%22%20width%3D%22439%22%20height%3D%22300%22%20viewBox%3D%220%200%20439%20300%22%3E%3C%2Fsvg%3E\" loading=\"eager\"><\/span><span class=\"fg-image-overlay\"><\/span><\/a><figcaption class=\"fg-caption\"><div class=\"fg-caption-inner\"><\/div><\/figcaption><\/figure><div class=\"fg-loader\"><\/div><\/div><div class=\"fg-item fg-type-image fg-idle\"><figure class=\"fg-item-inner\"><a href=\"https:\/\/www.bizarroproducciones.cl\/eventos\/wp-content\/uploads\/2018\/07\/41.jpg\" data-attachment-id=\"908\" data-type=\"image\" class=\"fg-thumb\"><span class=\"fg-image-wrap\"><img decoding=\"async\" height=\"300\" width=\"517\" class=\"skip-lazy fg-image\" data-src-fg=\"https:\/\/www.bizarroproducciones.cl\/eventos\/wp-content\/uploads\/cache\/2018\/07\/41\/3543166393.jpg\" src=\"data:image\/svg+xml,%3Csvg%20xmlns%3D%22http%3A%2F%2Fwww.w3.org%2F2000%2Fsvg%22%20width%3D%22517%22%20height%3D%22300%22%20viewBox%3D%220%200%20517%20300%22%3E%3C%2Fsvg%3E\" loading=\"eager\"><\/span><span class=\"fg-image-overlay\"><\/span><\/a><figcaption class=\"fg-caption\"><div class=\"fg-caption-inner\"><\/div><\/figcaption><\/figure><div class=\"fg-loader\"><\/div><\/div><div class=\"fg-item fg-type-image fg-idle\"><figure class=\"fg-item-inner\"><a href=\"https:\/\/www.bizarroproducciones.cl\/eventos\/wp-content\/uploads\/2017\/06\/IMG-20171021-WA0001.jpg\" data-attachment-id=\"867\" data-type=\"image\" class=\"fg-thumb\"><span class=\"fg-image-wrap\"><img decoding=\"async\" height=\"300\" width=\"533\" class=\"skip-lazy fg-image\" data-src-fg=\"https:\/\/www.bizarroproducciones.cl\/eventos\/wp-content\/uploads\/cache\/2017\/06\/IMG-20171021-WA0001\/2492702898.jpg\" src=\"data:image\/svg+xml,%3Csvg%20xmlns%3D%22http%3A%2F%2Fwww.w3.org%2F2000%2Fsvg%22%20width%3D%22533%22%20height%3D%22300%22%20viewBox%3D%220%200%20533%20300%22%3E%3C%2Fsvg%3E\" loading=\"eager\"><\/span><span class=\"fg-image-overlay\"><\/span><\/a><figcaption class=\"fg-caption\"><div class=\"fg-caption-inner\"><\/div><\/figcaption><\/figure><div class=\"fg-loader\"><\/div><\/div><div class=\"fg-item fg-type-image fg-idle\"><figure class=\"fg-item-inner\"><a href=\"https:\/\/www.bizarroproducciones.cl\/eventos\/wp-content\/uploads\/2017\/06\/IMG_20180127_170001.jpg\" data-attachment-id=\"862\" data-type=\"image\" class=\"fg-thumb\"><span class=\"fg-image-wrap\"><img decoding=\"async\" height=\"300\" width=\"423\" class=\"skip-lazy fg-image\" data-src-fg=\"https:\/\/www.bizarroproducciones.cl\/eventos\/wp-content\/uploads\/cache\/2017\/06\/IMG_20180127_170001\/2123383570.jpg\" src=\"data:image\/svg+xml,%3Csvg%20xmlns%3D%22http%3A%2F%2Fwww.w3.org%2F2000%2Fsvg%22%20width%3D%22423%22%20height%3D%22300%22%20viewBox%3D%220%200%20423%20300%22%3E%3C%2Fsvg%3E\" loading=\"eager\"><\/span><span class=\"fg-image-overlay\"><\/span><\/a><figcaption class=\"fg-caption\"><div class=\"fg-caption-inner\"><\/div><\/figcaption><\/figure><div class=\"fg-loader\"><\/div><\/div><div class=\"fg-item fg-type-image fg-idle\"><figure class=\"fg-item-inner\"><a href=\"https:\/\/www.bizarroproducciones.cl\/eventos\/wp-content\/uploads\/2017\/06\/escenario-techo-2.jpg\" data-attachment-id=\"856\" data-type=\"image\" class=\"fg-thumb\"><span class=\"fg-image-wrap\"><img decoding=\"async\" height=\"300\" width=\"400\" class=\"skip-lazy fg-image\" data-src-fg=\"https:\/\/www.bizarroproducciones.cl\/eventos\/wp-content\/uploads\/cache\/2017\/06\/escenario-techo-2\/1342802668.jpg\" src=\"data:image\/svg+xml,%3Csvg%20xmlns%3D%22http%3A%2F%2Fwww.w3.org%2F2000%2Fsvg%22%20width%3D%22400%22%20height%3D%22300%22%20viewBox%3D%220%200%20400%20300%22%3E%3C%2Fsvg%3E\" loading=\"eager\"><\/span><span class=\"fg-image-overlay\"><\/span><\/a><figcaption class=\"fg-caption\"><div class=\"fg-caption-inner\"><\/div><\/figcaption><\/figure><div class=\"fg-loader\"><\/div><\/div><div class=\"fg-item fg-type-image fg-idle\"><figure class=\"fg-item-inner\"><a href=\"https:\/\/www.bizarroproducciones.cl\/eventos\/wp-content\/uploads\/2018\/02\/IMG_20171222_161601.jpg\" data-attachment-id=\"837\" data-type=\"image\" class=\"fg-thumb\"><span class=\"fg-image-wrap\"><img decoding=\"async\" height=\"300\" width=\"424\" class=\"skip-lazy fg-image\" data-src-fg=\"https:\/\/www.bizarroproducciones.cl\/eventos\/wp-content\/uploads\/cache\/2018\/02\/IMG_20171222_161601\/2770318124.jpg\" src=\"data:image\/svg+xml,%3Csvg%20xmlns%3D%22http%3A%2F%2Fwww.w3.org%2F2000%2Fsvg%22%20width%3D%22424%22%20height%3D%22300%22%20viewBox%3D%220%200%20424%20300%22%3E%3C%2Fsvg%3E\" loading=\"eager\"><\/span><span class=\"fg-image-overlay\"><\/span><\/a><figcaption class=\"fg-caption\"><div class=\"fg-caption-inner\"><\/div><\/figcaption><\/figure><div class=\"fg-loader\"><\/div><\/div><div class=\"fg-item fg-type-image fg-idle\"><figure class=\"fg-item-inner\"><a href=\"https:\/\/www.bizarroproducciones.cl\/eventos\/wp-content\/uploads\/2018\/02\/Escenario-techo-1.jpg\" data-attachment-id=\"833\" data-type=\"image\" class=\"fg-thumb\"><span class=\"fg-image-wrap\"><img decoding=\"async\" height=\"300\" width=\"400\" class=\"skip-lazy fg-image\" data-src-fg=\"https:\/\/www.bizarroproducciones.cl\/eventos\/wp-content\/uploads\/cache\/2018\/02\/Escenario-techo-1\/2391791425.jpg\" src=\"data:image\/svg+xml,%3Csvg%20xmlns%3D%22http%3A%2F%2Fwww.w3.org%2F2000%2Fsvg%22%20width%3D%22400%22%20height%3D%22300%22%20viewBox%3D%220%200%20400%20300%22%3E%3C%2Fsvg%3E\" loading=\"eager\"><\/span><span class=\"fg-image-overlay\"><\/span><\/a><figcaption class=\"fg-caption\"><div class=\"fg-caption-inner\"><\/div><\/figcaption><\/figure><div class=\"fg-loader\"><\/div><\/div><div class=\"fg-item fg-type-image fg-idle\"><figure class=\"fg-item-inner\"><a href=\"https:\/\/www.bizarroproducciones.cl\/eventos\/wp-content\/uploads\/2017\/10\/Teleton-day.jpg\" data-attachment-id=\"811\" data-type=\"image\" class=\"fg-thumb\"><span class=\"fg-image-wrap\"><img decoding=\"async\" height=\"300\" width=\"400\" class=\"skip-lazy fg-image\" data-src-fg=\"https:\/\/www.bizarroproducciones.cl\/eventos\/wp-content\/uploads\/cache\/2017\/10\/Teleton-day\/183758990.jpg\" src=\"data:image\/svg+xml,%3Csvg%20xmlns%3D%22http%3A%2F%2Fwww.w3.org%2F2000%2Fsvg%22%20width%3D%22400%22%20height%3D%22300%22%20viewBox%3D%220%200%20400%20300%22%3E%3C%2Fsvg%3E\" loading=\"eager\"><\/span><span class=\"fg-image-overlay\"><\/span><\/a><figcaption class=\"fg-caption\"><div class=\"fg-caption-inner\"><\/div><\/figcaption><\/figure><div class=\"fg-loader\"><\/div><\/div><div class=\"fg-item fg-type-image fg-idle\"><figure class=\"fg-item-inner\"><a href=\"https:\/\/www.bizarroproducciones.cl\/eventos\/wp-content\/uploads\/2017\/10\/Teleton-night.jpg\" data-attachment-id=\"812\" data-type=\"image\" class=\"fg-thumb\"><span class=\"fg-image-wrap\"><img decoding=\"async\" height=\"300\" width=\"400\" class=\"skip-lazy fg-image\" data-src-fg=\"https:\/\/www.bizarroproducciones.cl\/eventos\/wp-content\/uploads\/cache\/2017\/10\/Teleton-night\/3503353535.jpg\" src=\"data:image\/svg+xml,%3Csvg%20xmlns%3D%22http%3A%2F%2Fwww.w3.org%2F2000%2Fsvg%22%20width%3D%22400%22%20height%3D%22300%22%20viewBox%3D%220%200%20400%20300%22%3E%3C%2Fsvg%3E\" loading=\"eager\"><\/span><span class=\"fg-image-overlay\"><\/span><\/a><figcaption class=\"fg-caption\"><div class=\"fg-caption-inner\"><\/div><\/figcaption><\/figure><div class=\"fg-loader\"><\/div><\/div><div class=\"fg-item fg-type-image fg-idle\"><figure class=\"fg-item-inner\"><a href=\"https:\/\/www.bizarroproducciones.cl\/eventos\/wp-content\/uploads\/2017\/10\/19956328_1401747893227558_5349727875499701252_o.jpg\" data-attachment-id=\"799\" data-type=\"image\" class=\"fg-thumb\"><span class=\"fg-image-wrap\"><img decoding=\"async\" height=\"300\" width=\"400\" class=\"skip-lazy fg-image\" data-src-fg=\"https:\/\/www.bizarroproducciones.cl\/eventos\/wp-content\/uploads\/cache\/2017\/10\/19956328_1401747893227558_5349727875499701252_o\/79293894.jpg\" src=\"data:image\/svg+xml,%3Csvg%20xmlns%3D%22http%3A%2F%2Fwww.w3.org%2F2000%2Fsvg%22%20width%3D%22400%22%20height%3D%22300%22%20viewBox%3D%220%200%20400%20300%22%3E%3C%2Fsvg%3E\" loading=\"eager\"><\/span><span class=\"fg-image-overlay\"><\/span><\/a><figcaption class=\"fg-caption\"><div class=\"fg-caption-inner\"><\/div><\/figcaption><\/figure><div class=\"fg-loader\"><\/div><\/div><div class=\"fg-item fg-type-image fg-idle\"><figure class=\"fg-item-inner\"><a href=\"https:\/\/www.bizarroproducciones.cl\/eventos\/wp-content\/uploads\/2017\/10\/Escenario-SIOM-2.jpg\" data-attachment-id=\"804\" data-type=\"image\" class=\"fg-thumb\"><span class=\"fg-image-wrap\"><img decoding=\"async\" height=\"300\" width=\"559\" class=\"skip-lazy fg-image\" data-src-fg=\"https:\/\/www.bizarroproducciones.cl\/eventos\/wp-content\/uploads\/cache\/2017\/10\/Escenario-SIOM-2\/3442744799.jpg\" src=\"data:image\/svg+xml,%3Csvg%20xmlns%3D%22http%3A%2F%2Fwww.w3.org%2F2000%2Fsvg%22%20width%3D%22559%22%20height%3D%22300%22%20viewBox%3D%220%200%20559%20300%22%3E%3C%2Fsvg%3E\" loading=\"eager\"><\/span><span class=\"fg-image-overlay\"><\/span><\/a><figcaption class=\"fg-caption\"><div class=\"fg-caption-inner\"><\/div><\/figcaption><\/figure><div class=\"fg-loader\"><\/div><\/div><div class=\"fg-item fg-type-image fg-idle\"><figure class=\"fg-item-inner\"><a href=\"https:\/\/www.bizarroproducciones.cl\/eventos\/wp-content\/uploads\/2017\/06\/pantalla-led-4-p6.jpg\" data-attachment-id=\"785\" data-type=\"image\" class=\"fg-thumb\"><span class=\"fg-image-wrap\"><img decoding=\"async\" height=\"300\" width=\"348\" class=\"skip-lazy fg-image\" data-src-fg=\"https:\/\/www.bizarroproducciones.cl\/eventos\/wp-content\/uploads\/cache\/2017\/06\/pantalla-led-4-p6\/4285048478.jpg\" src=\"data:image\/svg+xml,%3Csvg%20xmlns%3D%22http%3A%2F%2Fwww.w3.org%2F2000%2Fsvg%22%20width%3D%22348%22%20height%3D%22300%22%20viewBox%3D%220%200%20348%20300%22%3E%3C%2Fsvg%3E\" loading=\"eager\"><\/span><span class=\"fg-image-overlay\"><\/span><\/a><figcaption class=\"fg-caption\"><div class=\"fg-caption-inner\"><\/div><\/figcaption><\/figure><div class=\"fg-loader\"><\/div><\/div><div class=\"fg-item fg-type-image fg-idle\"><figure class=\"fg-item-inner\"><a href=\"https:\/\/www.bizarroproducciones.cl\/eventos\/wp-content\/uploads\/2017\/06\/21.jpg\" data-attachment-id=\"769\" data-type=\"image\" class=\"fg-thumb\"><span class=\"fg-image-wrap\"><img decoding=\"async\" height=\"300\" width=\"453\" class=\"skip-lazy fg-image\" data-src-fg=\"https:\/\/www.bizarroproducciones.cl\/eventos\/wp-content\/uploads\/cache\/2017\/06\/21\/184410866.jpg\" src=\"data:image\/svg+xml,%3Csvg%20xmlns%3D%22http%3A%2F%2Fwww.w3.org%2F2000%2Fsvg%22%20width%3D%22453%22%20height%3D%22300%22%20viewBox%3D%220%200%20453%20300%22%3E%3C%2Fsvg%3E\" loading=\"eager\"><\/span><span class=\"fg-image-overlay\"><\/span><\/a><figcaption class=\"fg-caption\"><div class=\"fg-caption-inner\"><\/div><\/figcaption><\/figure><div class=\"fg-loader\"><\/div><\/div><div class=\"fg-item fg-type-image fg-idle\"><figure class=\"fg-item-inner\"><a href=\"https:\/\/www.bizarroproducciones.cl\/eventos\/wp-content\/uploads\/2017\/06\/31.jpg\" data-attachment-id=\"770\" data-type=\"image\" class=\"fg-thumb\"><span class=\"fg-image-wrap\"><img decoding=\"async\" height=\"300\" width=\"441\" class=\"skip-lazy fg-image\" data-src-fg=\"https:\/\/www.bizarroproducciones.cl\/eventos\/wp-content\/uploads\/cache\/2017\/06\/31\/230824843.jpg\" src=\"data:image\/svg+xml,%3Csvg%20xmlns%3D%22http%3A%2F%2Fwww.w3.org%2F2000%2Fsvg%22%20width%3D%22441%22%20height%3D%22300%22%20viewBox%3D%220%200%20441%20300%22%3E%3C%2Fsvg%3E\" loading=\"eager\"><\/span><span class=\"fg-image-overlay\"><\/span><\/a><figcaption class=\"fg-caption\"><div class=\"fg-caption-inner\"><\/div><\/figcaption><\/figure><div class=\"fg-loader\"><\/div><\/div><div class=\"fg-item fg-type-image fg-idle\"><figure class=\"fg-item-inner\"><a href=\"https:\/\/www.bizarroproducciones.cl\/eventos\/wp-content\/uploads\/2016\/05\/DSCN9228.jpg\" data-attachment-id=\"508\" data-type=\"image\" class=\"fg-thumb\"><span class=\"fg-image-wrap\"><img decoding=\"async\" height=\"300\" width=\"400\" class=\"skip-lazy fg-image\" data-src-fg=\"https:\/\/www.bizarroproducciones.cl\/eventos\/wp-content\/uploads\/cache\/2016\/05\/DSCN9228\/2072370603.jpg\" src=\"data:image\/svg+xml,%3Csvg%20xmlns%3D%22http%3A%2F%2Fwww.w3.org%2F2000%2Fsvg%22%20width%3D%22400%22%20height%3D%22300%22%20viewBox%3D%220%200%20400%20300%22%3E%3C%2Fsvg%3E\" loading=\"eager\"><\/span><span class=\"fg-image-overlay\"><\/span><\/a><figcaption class=\"fg-caption\"><div class=\"fg-caption-inner\"><\/div><\/figcaption><\/figure><div class=\"fg-loader\"><\/div><\/div><div class=\"fg-item fg-type-image fg-idle\"><figure class=\"fg-item-inner\"><a href=\"https:\/\/www.bizarroproducciones.cl\/eventos\/wp-content\/uploads\/2015\/07\/2013-03-30-13.23.36.jpg\" data-caption-title=\"BUIN\" data-attachment-id=\"462\" data-type=\"image\" class=\"fg-thumb\"><span class=\"fg-image-wrap\"><img decoding=\"async\" title=\"BUIN\" height=\"300\" width=\"385\" class=\"skip-lazy fg-image\" data-src-fg=\"https:\/\/www.bizarroproducciones.cl\/eventos\/wp-content\/uploads\/cache\/2015\/07\/2013-03-30-13_23_36\/1548199829.jpg\" src=\"data:image\/svg+xml,%3Csvg%20xmlns%3D%22http%3A%2F%2Fwww.w3.org%2F2000%2Fsvg%22%20width%3D%22385%22%20height%3D%22300%22%20viewBox%3D%220%200%20385%20300%22%3E%3C%2Fsvg%3E\" loading=\"eager\"><\/span><span class=\"fg-image-overlay\"><\/span><\/a><figcaption class=\"fg-caption\"><div class=\"fg-caption-inner\"><div class=\"fg-caption-title\">BUIN<\/div><\/div><\/figcaption><\/figure><div class=\"fg-loader\"><\/div><\/div><div class=\"fg-item fg-type-image fg-idle\"><figure class=\"fg-item-inner\"><a href=\"https:\/\/www.bizarroproducciones.cl\/eventos\/wp-content\/uploads\/2015\/07\/11071943_448642988645680_7415127481034273661_n.jpg\" data-attachment-id=\"448\" data-type=\"image\" class=\"fg-thumb\"><span class=\"fg-image-wrap\"><img decoding=\"async\" height=\"300\" width=\"400\" class=\"skip-lazy fg-image\" data-src-fg=\"https:\/\/www.bizarroproducciones.cl\/eventos\/wp-content\/uploads\/cache\/2015\/07\/11071943_448642988645680_7415127481034273661_n\/1659324158.jpg\" src=\"data:image\/svg+xml,%3Csvg%20xmlns%3D%22http%3A%2F%2Fwww.w3.org%2F2000%2Fsvg%22%20width%3D%22400%22%20height%3D%22300%22%20viewBox%3D%220%200%20400%20300%22%3E%3C%2Fsvg%3E\" loading=\"eager\"><\/span><span class=\"fg-image-overlay\"><\/span><\/a><figcaption class=\"fg-caption\"><div class=\"fg-caption-inner\"><\/div><\/figcaption><\/figure><div class=\"fg-loader\"><\/div><\/div><div class=\"fg-item fg-type-image fg-idle\"><figure class=\"fg-item-inner\"><a href=\"https:\/\/www.bizarroproducciones.cl\/eventos\/wp-content\/uploads\/2014\/08\/muebles-iluminados-led-rgb-inalambricos-puff-mesas-sillones-5030-MLA4092529477_042013-F.jpg\" data-caption-title=\"Puf Led\" data-attachment-id=\"158\" data-type=\"image\" class=\"fg-thumb\"><span class=\"fg-image-wrap\"><img decoding=\"async\" title=\"Puf Led\" height=\"300\" width=\"400\" class=\"skip-lazy fg-image\" data-src-fg=\"https:\/\/www.bizarroproducciones.cl\/eventos\/wp-content\/uploads\/cache\/2014\/08\/muebles-iluminados-led-rgb-inalambricos-puff-mesas-sillones-5030-MLA4092529477_042013-F\/2431833336.jpg\" src=\"data:image\/svg+xml,%3Csvg%20xmlns%3D%22http%3A%2F%2Fwww.w3.org%2F2000%2Fsvg%22%20width%3D%22400%22%20height%3D%22300%22%20viewBox%3D%220%200%20400%20300%22%3E%3C%2Fsvg%3E\" loading=\"eager\"><\/span><span class=\"fg-image-overlay\"><\/span><\/a><figcaption class=\"fg-caption\"><div class=\"fg-caption-inner\"><div class=\"fg-caption-title\">Puf Led<\/div><\/div><\/figcaption><\/figure><div class=\"fg-loader\"><\/div><\/div><\/div>\r\n\n","protected":false},"excerpt":{"rendered":"<p>Montajes, eventos y fiestas que realizamos, donde evidenciamos nuestra calidad de servicios y la distintas opciones de: Iluminaci\u00f3n, decoraci\u00f3n y sonido, banqueter\u00eda, carpas, calefactores, ventiladores. Y otros servicios adicionales para nuestros clientes. Cont\u00e1ctanos, quedamos atentos a todas tus consultas. y ser\u00e1 un placer poder ayudar en la organizaci\u00f3n de t\u00fa&hellip;<\/p>\n<p><a class=\"more-link\" href=\"https:\/\/www.bizarroproducciones.cl\/eventos\/?page_id=1065\" title=\"Continue reading &lsquo;MONTAJE DE EVENTOS&rsquo;\">Continue reading <span class=\"meta-nav\">&rarr;<\/span><\/a><\/p>\n","protected":false},"author":1,"featured_media":0,"parent":0,"menu_order":0,"comment_status":"closed","ping_status":"closed","template":"page-templates\/full-width.php","meta":{"footnotes":""},"class_list":["post-1065","page","type-page","status-publish","hentry"],"_links":{"self":[{"href":"https:\/\/www.bizarroproducciones.cl\/eventos\/index.php?rest_route=\/wp\/v2\/pages\/1065","targetHints":{"allow":["GET"]}}],"collection":[{"href":"https:\/\/www.bizarroproducciones.cl\/eventos\/index.php?rest_route=\/wp\/v2\/pages"}],"about":[{"href":"https:\/\/www.bizarroproducciones.cl\/eventos\/index.php?rest_route=\/wp\/v2\/types\/page"}],"author":[{"embeddable":true,"href":"https:\/\/www.bizarroproducciones.cl\/eventos\/index.php?rest_route=\/wp\/v2\/users\/1"}],"replies":[{"embeddable":true,"href":"https:\/\/www.bizarroproducciones.cl\/eventos\/index.php?rest_route=%2Fwp%2Fv2%2Fcomments&post=1065"}],"version-history":[{"count":8,"href":"https:\/\/www.bizarroproducciones.cl\/eventos\/index.php?rest_route=\/wp\/v2\/pages\/1065\/revisions"}],"predecessor-version":[{"id":1682,"href":"https:\/\/www.bizarroproducciones.cl\/eventos\/index.php?rest_route=\/wp\/v2\/pages\/1065\/revisions\/1682"}],"wp:attachment":[{"href":"https:\/\/www.bizarroproducciones.cl\/eventos\/index.php?rest_route=%2Fwp%2Fv2%2Fmedia&parent=1065"}],"curies":[{"name":"wp","href":"https:\/\/api.w.org\/{rel}","templated":true}]}}